{"id":217,"date":"2025-06-06T12:28:12","date_gmt":"2025-06-06T10:28:12","guid":{"rendered":"https:\/\/anamosaique.com\/?page_id=217"},"modified":"2025-06-07T08:41:23","modified_gmt":"2025-06-07T06:41:23","slug":"portfolio-3","status":"publish","type":"page","link":"https:\/\/anamosaique.com\/index.php\/fr\/portfolio-3\/","title":{"rendered":"Portfolio"},"content":{"rendered":"\n<p><\/p>\n\n\n\n<div class=\"wp-block-media-text is-stacked-on-mobile\"><figure class=\"wp-block-media-text__media\"><a href=\"https:\/\/anamosaique.com\/index.php\/fr\/un-jardin-de-coeur-mexicain\/\"><img loading=\"lazy\" decoding=\"async\" width=\"1024\" height=\"1010\" src=\"http:\/\/anamosaique.com\/wp-content\/uploads\/2025\/06\/IMG_2531-1024x1010.jpeg\" alt=\"\" class=\"wp-image-172 size-full\" srcset=\"https:\/\/anamosaique.com\/wp-content\/uploads\/2025\/06\/IMG_2531-1024x1010.jpeg 1024w, https:\/\/anamosaique.com\/wp-content\/uploads\/2025\/06\/IMG_2531-300x296.jpeg 300w, https:\/\/anamosaique.com\/wp-content\/uploads\/2025\/06\/IMG_2531-768x758.jpeg 768w, https:\/\/anamosaique.com\/wp-content\/uploads\/2025\/06\/IMG_2531-1536x1515.jpeg 1536w, https:\/\/anamosaique.com\/wp-content\/uploads\/2025\/06\/IMG_2531-2048x2020.jpeg 2048w\" sizes=\"auto, (max-width: 1024px) 100vw, 1024px\" \/><\/a><\/figure><div class=\"wp-block-media-text__content\">\n<p><strong><em>Un Jardin de C\u0153ur Mexicain<\/em><\/strong><\/p>\n\n\n\n<p>Cette \u0153uvre en particulier a \u00e9t\u00e9 cr\u00e9\u00e9e pour une amie tr\u00e8s sp\u00e9ciale, dont le c\u0153ur immense et la pr\u00e9sence lumineuse inspirent tout mon travail. C\u2019est un hommage \u00e0 la beaut\u00e9 de son \u00e2me et \u00e0 la joie qu\u2019elle apporte dans ma vie et celle de tant d\u2019autres. Que ce jardin de c\u0153ur mexicain soit un rappel constant de la force et de la beaut\u00e9 de l\u2019amiti\u00e9 v\u00e9ritable.<\/p>\n\n\n\n<p><a href=\"https:\/\/anamosaique.com\/index.php\/fr\/un-jardin-de-coeur-mexicain\/\">Plus&#8230;<\/a><a href=\"https:\/\/anamosaique.com\/index.php\/a-garden-of-mexican-heart\/\"> <\/a><\/p>\n<\/div><\/div>\n\n\n\n<div class=\"wp-block-media-text has-media-on-the-right is-stacked-on-mobile\"><div class=\"wp-block-media-text__content\">\n<p><strong><em>\u00c9closion d\u2019Or et de Passion : Un Amour venu du Paraguay<\/em><\/strong><\/p>\n\n\n\n<p>Cette mosa\u00efque est une c\u00e9l\u00e9bration vibrante de l\u2019amour v\u00e9ritable, une \u00e9closion de passion incandescente symbolis\u00e9e par la profondeur des smalties v\u00e9nitiens rouges et la richesse pr\u00e9cieuse de la p\u00e2te de verre dor\u00e9e. L\u2019association puissante de ces deux couleurs n\u2019est pas sans \u00e9voquer le c\u00e9l\u00e8bre \u2018Rouge et le Noir\u2019 de Stendhal, o\u00f9 la passion et l\u2019ambition se rencontrent. Ici, le rouge intense repr\u00e9sente cet amour profond et inconditionnel, tandis que l\u2019or lumineux, dont l\u2019\u00e9clat me rappelle la terre de celui qui partage ma vie, venu du Paraguay, incarne la valeur inestimable de ce sentiment tant attendu, une r\u00e9ponse lumineuse \u00e0 une longue attente.<\/p>\n\n\n\n<p><a href=\"https:\/\/anamosaique.com\/index.php\/fr\/eclosion-dor-et-de-passion-un-amour-venu-du-paraguay-2\/\">Plus &#8230;<\/a><\/p>\n<\/div><figure class=\"wp-block-media-text__media\"><a href=\"https:\/\/anamosaique.com\/index.php\/fr\/eclosion-dor-et-de-passion-un-amour-venu-du-paraguay-2\/\"><img loading=\"lazy\" decoding=\"async\" width=\"1920\" height=\"2560\" src=\"http:\/\/anamosaique.com\/wp-content\/uploads\/2025\/06\/IMG_1686-scaled.jpeg\" alt=\"\" class=\"wp-image-183 size-full\" srcset=\"https:\/\/anamosaique.com\/wp-content\/uploads\/2025\/06\/IMG_1686-scaled.jpeg 1920w, https:\/\/anamosaique.com\/wp-content\/uploads\/2025\/06\/IMG_1686-225x300.jpeg 225w\" sizes=\"auto, (max-width: 1920px) 100vw, 1920px\" \/><\/a><\/figure><\/div>\n\n\n\n<div class=\"wp-block-media-text is-stacked-on-mobile\"><figure class=\"wp-block-media-text__media\"><a href=\"https:\/\/anamosaique.com\/index.php\/fr\/noir-incandescent-semences-damour-la-victoire-sur-lombre\/\"><img loading=\"lazy\" decoding=\"async\" width=\"1006\" height=\"1024\" src=\"https:\/\/anamosaique.com\/wp-content\/uploads\/2025\/06\/WhatsApp-Image-2025-06-06-at-14.34.50-2-1006x1024.jpeg\" alt=\"\" class=\"wp-image-243 size-full\" srcset=\"https:\/\/anamosaique.com\/wp-content\/uploads\/2025\/06\/WhatsApp-Image-2025-06-06-at-14.34.50-2-1006x1024.jpeg 1006w, https:\/\/anamosaique.com\/wp-content\/uploads\/2025\/06\/WhatsApp-Image-2025-06-06-at-14.34.50-2-295x300.jpeg 295w, https:\/\/anamosaique.com\/wp-content\/uploads\/2025\/06\/WhatsApp-Image-2025-06-06-at-14.34.50-2-768x782.jpeg 768w, https:\/\/anamosaique.com\/wp-content\/uploads\/2025\/06\/WhatsApp-Image-2025-06-06-at-14.34.50-2-1509x1536.jpeg 1509w, https:\/\/anamosaique.com\/wp-content\/uploads\/2025\/06\/WhatsApp-Image-2025-06-06-at-14.34.50-2.jpeg 1572w\" sizes=\"auto, (max-width: 1006px) 100vw, 1006px\" \/><\/a><\/figure><div class=\"wp-block-media-text__content\">\n<p><strong><em>Noir Incandescent, Semences d\u2019Amour : La Victoire sur l\u2019Ombre<\/em><\/strong><\/p>\n\n\n\n<p>Ce cadre mosa\u00efque est une \u0153uvre puissante et contrast\u00e9e, une repr\u00e9sentation visuelle d\u2019une lutte intense entre l\u2019ombre et la lumi\u00e8re, le mal et l\u2019amour. L\u2019omnipr\u00e9sence du noir profond, \u00e9voquant la force brute et d\u00e9vastatrice de la lave d\u2019un volcan, rappelle la puissance des forces obscures, de la m\u00e9cr\u00e9ance et des mauvais augures. Sa texture dense et absorbante semble vouloir engloutir toute clart\u00e9.<\/p>\n\n\n\n<p><a href=\"https:\/\/anamosaique.com\/index.php\/fr\/noir-incandescent-semences-damour-la-victoire-sur-lombre\/\">Plus &#8230;<\/a><\/p>\n<\/div><\/div>\n\n\n\n<div class=\"wp-block-media-text has-media-on-the-right is-stacked-on-mobile\"><div class=\"wp-block-media-text__content\">\n<p><strong><em>Mon Jardin Int\u00e9rieur : Quatre Saisons de Vie en Mosa\u00efque<\/em><\/strong><\/p>\n\n\n\n<p>\u00ab&nbsp;Mon Jardin Int\u00e9rieur&nbsp;\u00bb est une s\u00e9rie de quatre tableaux de mosa\u00efque qui rendent hommage \u00e0 l\u2019\u0153uvre embl\u00e9matique de Pierre Bonnard, \u00ab&nbsp;Femmes au Jardin&nbsp;\u00bb.<\/p>\n\n\n\n<p>Plus qu\u2019une simple interpr\u00e9tation, chaque panneau est une fen\u00eatre ouverte sur les diff\u00e9rentes saisons de la vie, les heures marquantes d\u2019une journ\u00e9e et, surtout, les \u00e9tapes personnelles qui ont fa\u00e7onn\u00e9 mon parcours en tant qu\u2019artiste.<\/p>\n\n\n\n<p><a href=\"https:\/\/anamosaique.com\/index.php\/fr\/mon-jardin-interieur-quatre-saisons-de-vie-en-mosaique\/\">Plus &#8230;<\/a><\/p>\n<\/div><figure class=\"wp-block-media-text__media\"><a href=\"https:\/\/anamosaique.com\/index.php\/fr\/mon-jardin-interieur-quatre-saisons-de-vie-en-mosaique\/\"><img loading=\"lazy\" decoding=\"async\" width=\"378\" height=\"290\" src=\"http:\/\/anamosaique.com\/wp-content\/uploads\/2025\/06\/image.png\" alt=\"\" class=\"wp-image-98 size-full\" srcset=\"https:\/\/anamosaique.com\/wp-content\/uploads\/2025\/06\/image.png 378w, https:\/\/anamosaique.com\/wp-content\/uploads\/2025\/06\/image-300x230.png 300w\" sizes=\"auto, (max-width: 378px) 100vw, 378px\" \/><\/a><\/figure><\/div>\n\n\n\n<div class=\"wp-block-media-text is-stacked-on-mobile\"><figure class=\"wp-block-media-text__media\"><a href=\"https:\/\/anamosaique.com\/index.php\/fr\/mes-nuits-etoilees-mandala-dattente\/\"><img loading=\"lazy\" decoding=\"async\" width=\"341\" height=\"620\" src=\"http:\/\/anamosaique.com\/wp-content\/uploads\/2025\/06\/Mandala-dattente.jpg\" alt=\"\" class=\"wp-image-91 size-full\" srcset=\"https:\/\/anamosaique.com\/wp-content\/uploads\/2025\/06\/Mandala-dattente.jpg 341w, https:\/\/anamosaique.com\/wp-content\/uploads\/2025\/06\/Mandala-dattente-165x300.jpg 165w\" sizes=\"auto, (max-width: 341px) 100vw, 341px\" \/><\/a><\/figure><div class=\"wp-block-media-text__content\">\n<p><strong><em>Mes Nuits \u00c9toil\u00e9es : Mandala d\u2019Attente<\/em><\/strong><\/p>\n\n\n\n<p>Ce cadre mosa\u00efque est n\u00e9 du silence \u00e9toil\u00e9 de mes nuits, un attrape-r\u00eave en forme de douce demi-lune, orn\u00e9 d\u2019un mandala intuitif. Plus qu\u2019un simple objet d\u00e9coratif, il est le gardien des songes et le t\u00e9moin patient de mes aspirations les plus profondes, tiss\u00e9 de l\u2019attente et de l\u2019espoir qui ont berc\u00e9 mes ann\u00e9es de solitude.<\/p>\n\n\n\n<p>La demi-lune, baign\u00e9e d\u2019une lumi\u00e8re int\u00e9rieure sugg\u00e9r\u00e9e par les tesselles claires, est le r\u00e9ceptacle de mes r\u00eaves nocturnes. Elle symbolise la f\u00e9minit\u00e9, l\u2019intuition et les cycles de la vie, accueillant avec douceur les murmures de mon inconscient. En son sein, le mandala mosa\u00efque d\u00e9ploie ses motifs sym\u00e9triques, une repr\u00e9sentation de l\u2019unit\u00e9 int\u00e9rieure, de la m\u00e9ditation et de la patience infinie n\u00e9cessaire \u00e0 la manifestation de mes d\u00e9sirs. Chaque couleur, chaque forme, est une parcelle de mes pens\u00e9es et de mes espoirs, structur\u00e9s avec la lenteur et la pr\u00e9cision de la mosa\u00efque.<\/p>\n\n\n\n<p>Les \u00e9l\u00e9ments suspendus sous la lune, tels des amulettes sombres et myst\u00e9rieuses, incarnent mes v\u0153ux les plus chers, confi\u00e9s \u00e0 l\u2019obscurit\u00e9 de la nuit avec la foi qu\u2019ils trouveront leur chemin vers la lumi\u00e8re. Ils dansent d\u00e9licatement, attendant le moment propice \u00e0 leur \u00e9closion, comme des graines pr\u00e9cieuses gard\u00e9es en secret.<\/p>\n\n\n\n<p><a href=\"https:\/\/anamosaique.com\/index.php\/fr\/mes-nuits-etoilees-mandala-dattente\/\">Plus &#8230;<\/a><\/p>\n<\/div><\/div>\n\n\n\n<div class=\"wp-block-media-text has-media-on-the-right is-stacked-on-mobile\"><div class=\"wp-block-media-text__content\">\n<p><strong><em>Balade Nocturne sur la Lune<\/em><\/strong><\/p>\n\n\n\n<p>\u00ab&nbsp;Balade Nocturne sur la Lune&nbsp;\u00bb est une mosa\u00efque empreinte de po\u00e9sie et de douceur, sp\u00e9cialement con\u00e7ue pour illuminer les r\u00eaves et les nuits d\u2019une amie ch\u00e8re, une r\u00eaveuse ambitieuse inspir\u00e9e par l\u2019univers du Petit Prince. Dans un ciel nocturne profond, constell\u00e9 d\u2019\u00e9toiles scintillantes, une lune en croissant devient le point d\u2019ancrage d\u2019une balan\u00e7oire c\u00e9leste.<\/p>\n\n\n\n<p><a href=\"https:\/\/anamosaique.com\/index.php\/fr\/balade-nocturne-sur-la-lune\/\">Plus &#8230;<\/a><\/p>\n<\/div><figure class=\"wp-block-media-text__media\"><a href=\"https:\/\/anamosaique.com\/index.php\/fr\/balade-nocturne-sur-la-lune\/\"><img loading=\"lazy\" decoding=\"async\" width=\"479\" height=\"493\" src=\"http:\/\/anamosaique.com\/wp-content\/uploads\/2025\/06\/NighWalkOnTheMoon.jpg\" alt=\"\" class=\"wp-image-158 size-full\" srcset=\"https:\/\/anamosaique.com\/wp-content\/uploads\/2025\/06\/NighWalkOnTheMoon.jpg 479w, https:\/\/anamosaique.com\/wp-content\/uploads\/2025\/06\/NighWalkOnTheMoon-291x300.jpg 291w\" sizes=\"auto, (max-width: 479px) 100vw, 479px\" \/><\/a><\/figure><\/div>\n\n\n\n<div class=\"wp-block-media-text is-stacked-on-mobile\"><figure class=\"wp-block-media-text__media\"><a href=\"https:\/\/anamosaique.com\/index.php\/fr\/echos-provencaux-ma-lumiere-des-oliviers\/\"><img loading=\"lazy\" decoding=\"async\" width=\"1024\" height=\"797\" src=\"http:\/\/anamosaique.com\/wp-content\/uploads\/2025\/04\/IMG_2534-1024x797.jpeg\" alt=\"\" class=\"wp-image-76 size-full\" srcset=\"https:\/\/anamosaique.com\/wp-content\/uploads\/2025\/04\/IMG_2534-1024x797.jpeg 1024w, https:\/\/anamosaique.com\/wp-content\/uploads\/2025\/04\/IMG_2534-300x234.jpeg 300w, https:\/\/anamosaique.com\/wp-content\/uploads\/2025\/04\/IMG_2534-768x598.jpeg 768w, https:\/\/anamosaique.com\/wp-content\/uploads\/2025\/04\/IMG_2534-1536x1196.jpeg 1536w, https:\/\/anamosaique.com\/wp-content\/uploads\/2025\/04\/IMG_2534-2048x1595.jpeg 2048w\" sizes=\"auto, (max-width: 1024px) 100vw, 1024px\" \/><\/a><\/figure><div class=\"wp-block-media-text__content\">\n<p><strong><em>\u00c9chos Proven\u00e7aux : Ma Lumi\u00e8re des Oliviers<\/em><\/strong><\/p>\n\n\n\n<p>Cette mosa\u00efque est n\u00e9e dans un contexte inattendu, durant de longs mois pass\u00e9s entre les murs d\u2019un h\u00f4pital, loin de la nature et de la lumi\u00e8re vive qui nourrissent mon \u00e2me. C\u2019est dans cet espace confin\u00e9 que les Oliviers d\u2019Arles de Vincent van Gogh sont devenus une source d\u2019\u00e9vasion int\u00e9rieure, une fen\u00eatre ouverte sur la beaut\u00e9 et la vitalit\u00e9 du monde ext\u00e9rieur.<\/p>\n\n\n\n<p><a href=\"https:\/\/anamosaique.com\/index.php\/fr\/echos-provencaux-ma-lumiere-des-oliviers\/\">Plus &#8230;<\/a><\/p>\n<\/div><\/div>\n\n\n\n<div class=\"wp-block-buttons is-layout-flex wp-block-buttons-is-layout-flex\">\n<div class=\"wp-block-button\"><a class=\"wp-block-button__link wp-element-button\" href=\"https:\/\/anamosaique.com\/index.php\/fr\/acceuil\/\">Retour<\/a><\/div>\n<\/div>\n\n\n\n<p><\/p>\n","protected":false},"excerpt":{"rendered":"<p>Un Jardin de C\u0153ur Mexicain Cette \u0153uvre en particulier a \u00e9t\u00e9 cr\u00e9\u00e9e pour une amie tr\u00e8s sp\u00e9ciale, dont le c\u0153ur immense et la pr\u00e9sence lumineuse inspirent tout mon travail. C\u2019est un hommage \u00e0 la beaut\u00e9 de son \u00e2me et \u00e0 la joie qu\u2019elle apporte dans ma vie et celle de tant d\u2019autres. Que ce jardin&#8230;<\/p>\n","protected":false},"author":1,"featured_media":0,"parent":0,"menu_order":0,"comment_status":"closed","ping_status":"closed","template":"","meta":{"_coblocks_attr":"","_coblocks_dimensions":"","_coblocks_responsive_height":"","_coblocks_accordion_ie_support":"","_kad_post_transparent":"","_kad_post_title":"","_kad_post_layout":"","_kad_post_sidebar_id":"","_kad_post_content_style":"","_kad_post_vertical_padding":"","_kad_post_feature":"","_kad_post_feature_position":"","_kad_post_header":false,"_kad_post_footer":false,"footnotes":""},"class_list":["post-217","page","type-page","status-publish","hentry"],"_links":{"self":[{"href":"https:\/\/anamosaique.com\/index.php\/wp-json\/wp\/v2\/pages\/217","targetHints":{"allow":["GET"]}}],"collection":[{"href":"https:\/\/anamosaique.com\/index.php\/wp-json\/wp\/v2\/pages"}],"about":[{"href":"https:\/\/anamosaique.com\/index.php\/wp-json\/wp\/v2\/types\/page"}],"author":[{"embeddable":true,"href":"https:\/\/anamosaique.com\/index.php\/wp-json\/wp\/v2\/users\/1"}],"replies":[{"embeddable":true,"href":"https:\/\/anamosaique.com\/index.php\/wp-json\/wp\/v2\/comments?post=217"}],"version-history":[{"count":2,"href":"https:\/\/anamosaique.com\/index.php\/wp-json\/wp\/v2\/pages\/217\/revisions"}],"predecessor-version":[{"id":244,"href":"https:\/\/anamosaique.com\/index.php\/wp-json\/wp\/v2\/pages\/217\/revisions\/244"}],"wp:attachment":[{"href":"https:\/\/anamosaique.com\/index.php\/wp-json\/wp\/v2\/media?parent=217"}],"curies":[{"name":"wp","href":"https:\/\/api.w.org\/{rel}","templated":true}]}}