{"id":197,"date":"2025-06-06T11:02:11","date_gmt":"2025-06-06T09:02:11","guid":{"rendered":"https:\/\/anamosaique.com\/?page_id=197"},"modified":"2025-06-07T08:42:41","modified_gmt":"2025-06-07T06:42:41","slug":"negro-incandescente-semillas-de-amor-la-victoria-sobre-la-sombra","status":"publish","type":"page","link":"https:\/\/anamosaique.com\/index.php\/es\/negro-incandescente-semillas-de-amor-la-victoria-sobre-la-sombra\/","title":{"rendered":"Negro Incandescente, Semillas de Amor: La Victoria sobre la Sombra"},"content":{"rendered":"\n<div class=\"wp-block-media-text is-stacked-on-mobile\"><figure class=\"wp-block-media-text__media\"><img loading=\"lazy\" decoding=\"async\" width=\"1006\" height=\"1024\" src=\"http:\/\/anamosaique.com\/wp-content\/uploads\/2025\/06\/WhatsApp-Image-2025-06-06-at-14.34.50-1-1006x1024.jpeg\" alt=\"\" class=\"wp-image-241 size-full\" srcset=\"https:\/\/anamosaique.com\/wp-content\/uploads\/2025\/06\/WhatsApp-Image-2025-06-06-at-14.34.50-1-1006x1024.jpeg 1006w, https:\/\/anamosaique.com\/wp-content\/uploads\/2025\/06\/WhatsApp-Image-2025-06-06-at-14.34.50-1-295x300.jpeg 295w, https:\/\/anamosaique.com\/wp-content\/uploads\/2025\/06\/WhatsApp-Image-2025-06-06-at-14.34.50-1-768x782.jpeg 768w, https:\/\/anamosaique.com\/wp-content\/uploads\/2025\/06\/WhatsApp-Image-2025-06-06-at-14.34.50-1-1509x1536.jpeg 1509w, https:\/\/anamosaique.com\/wp-content\/uploads\/2025\/06\/WhatsApp-Image-2025-06-06-at-14.34.50-1.jpeg 1572w\" sizes=\"auto, (max-width: 1006px) 100vw, 1006px\" \/><\/figure><div class=\"wp-block-media-text__content\">\n<p>Este cuadro mosaico es una obra poderosa y contrastada, una representaci\u00f3n visual de una lucha intensa entre la sombra y la luz, el mal y el amor. La omnipresencia del negro profundo, evocando la fuerza bruta y devastadora de la lava de un volc\u00e1n, recuerda el poder de las fuerzas oscuras, de la incredulidad y de los malos augurios. Su textura densa y absorbente parece querer engullir toda claridad.<\/p>\n\n\n\n<details class=\"wp-block-details is-layout-flow wp-block-details-is-layout-flow\"><summary>Mas &#8230;<\/summary>\n<p>Sin embargo, dentro de esta oscuridad amenazante, vetas de oro incandescente serpentean, aportando destellos de luz y valor. Este oro, eco del que ilumina el cuadro &#8220;Eclosi\u00f3n de Oro y Pasi\u00f3n: Un Amor Venido de Paraguay&#8221;, simboliza aqu\u00ed la fuerza intr\u00ednseca del amor verdadero, su preciosidad y su capacidad de perforar incluso las tinieblas m\u00e1s profundas.<\/p>\n\n\n\n<p>De manera diseminada dentro del negro, y en conexi\u00f3n directa con el rojo pasi\u00f3n de la otra obra, semillas de esmalte rojo estallan. Estos toques vibrantes representan la fuerza del amor incondicional, una energ\u00eda vital y apasionada que se expande y busca contrarrestar el avance de la sombra. Son el signo de una resistencia, de una voluntad de no sucumbir a las fuerzas negativas.<\/p>\n\n\n\n<p>Este contraste sorprendente entre el negro y el oro, salpicado de estos toques de rojo ardiente, no deja de recordar la dualidad explorada en &#8220;Rojo y Negro&#8221; de Stendhal, donde fuerzas opuestas se confrontan con intensidad. Aqu\u00ed, sin embargo, el combate toma una dimensi\u00f3n m\u00e1s espiritual y emocional.<\/p>\n\n\n\n<p>Este cuadro es una alegor\u00eda de la lucha contra las dificultades, las pruebas y las fuerzas negativas de la vida. Afirma con fuerza que, incluso frente a la oscuridad m\u00e1s profunda, el poder del amor verdadero, simbolizado por el oro y las semillas de pasi\u00f3n roja, tiene la capacidad de perforar, de transformar y, en \u00faltima instancia, de vencer. Es un mensaje de esperanza y de resiliencia, una afirmaci\u00f3n de que el amor incondicional es una fuerza capaz de triunfar sobre cualquier desaf\u00edo.<\/p>\n<\/details>\n<\/div><\/div>\n\n\n\n<div class=\"wp-block-buttons is-layout-flex wp-block-buttons-is-layout-flex\">\n<div class=\"wp-block-button\"><a class=\"wp-block-button__link wp-element-button\" href=\"https:\/\/anamosaique.com\/index.php\/es\/mosaicos-personalizados-un-arte-que-te-refleja\/\">Volver<\/a><\/div>\n<\/div>\n","protected":false},"excerpt":{"rendered":"","protected":false},"author":1,"featured_media":0,"parent":0,"menu_order":0,"comment_status":"closed","ping_status":"closed","template":"","meta":{"_coblocks_attr":"","_coblocks_dimensions":"","_coblocks_responsive_height":"","_coblocks_accordion_ie_support":"","_kad_post_transparent":"","_kad_post_title":"","_kad_post_layout":"","_kad_post_sidebar_id":"","_kad_post_content_style":"","_kad_post_vertical_padding":"","_kad_post_feature":"","_kad_post_feature_position":"","_kad_post_header":false,"_kad_post_footer":false,"footnotes":""},"class_list":["post-197","page","type-page","status-publish","hentry"],"_links":{"self":[{"href":"https:\/\/anamosaique.com\/index.php\/wp-json\/wp\/v2\/pages\/197","targetHints":{"allow":["GET"]}}],"collection":[{"href":"https:\/\/anamosaique.com\/index.php\/wp-json\/wp\/v2\/pages"}],"about":[{"href":"https:\/\/anamosaique.com\/index.php\/wp-json\/wp\/v2\/types\/page"}],"author":[{"embeddable":true,"href":"https:\/\/anamosaique.com\/index.php\/wp-json\/wp\/v2\/users\/1"}],"replies":[{"embeddable":true,"href":"https:\/\/anamosaique.com\/index.php\/wp-json\/wp\/v2\/comments?post=197"}],"version-history":[{"count":2,"href":"https:\/\/anamosaique.com\/index.php\/wp-json\/wp\/v2\/pages\/197\/revisions"}],"predecessor-version":[{"id":246,"href":"https:\/\/anamosaique.com\/index.php\/wp-json\/wp\/v2\/pages\/197\/revisions\/246"}],"wp:attachment":[{"href":"https:\/\/anamosaique.com\/index.php\/wp-json\/wp\/v2\/media?parent=197"}],"curies":[{"name":"wp","href":"https:\/\/api.w.org\/{rel}","templated":true}]}}