{"id":195,"date":"2025-06-06T10:59:54","date_gmt":"2025-06-06T08:59:54","guid":{"rendered":"https:\/\/anamosaique.com\/?page_id=195"},"modified":"2025-06-07T08:43:12","modified_gmt":"2025-06-07T06:43:12","slug":"noir-incandescent-semences-damour-la-victoire-sur-lombre","status":"publish","type":"page","link":"https:\/\/anamosaique.com\/index.php\/fr\/noir-incandescent-semences-damour-la-victoire-sur-lombre\/","title":{"rendered":"Noir Incandescent, Semences d&#8217;Amour : La Victoire sur l&#8217;Ombre"},"content":{"rendered":"\n<div class=\"wp-block-media-text is-stacked-on-mobile\"><figure class=\"wp-block-media-text__media\"><img loading=\"lazy\" decoding=\"async\" width=\"1006\" height=\"1024\" src=\"http:\/\/anamosaique.com\/wp-content\/uploads\/2025\/06\/WhatsApp-Image-2025-06-06-at-14.34.50-2-1006x1024.jpeg\" alt=\"\" class=\"wp-image-243 size-full\" srcset=\"https:\/\/anamosaique.com\/wp-content\/uploads\/2025\/06\/WhatsApp-Image-2025-06-06-at-14.34.50-2-1006x1024.jpeg 1006w, https:\/\/anamosaique.com\/wp-content\/uploads\/2025\/06\/WhatsApp-Image-2025-06-06-at-14.34.50-2-295x300.jpeg 295w, https:\/\/anamosaique.com\/wp-content\/uploads\/2025\/06\/WhatsApp-Image-2025-06-06-at-14.34.50-2-768x782.jpeg 768w, https:\/\/anamosaique.com\/wp-content\/uploads\/2025\/06\/WhatsApp-Image-2025-06-06-at-14.34.50-2-1509x1536.jpeg 1509w, https:\/\/anamosaique.com\/wp-content\/uploads\/2025\/06\/WhatsApp-Image-2025-06-06-at-14.34.50-2.jpeg 1572w\" sizes=\"auto, (max-width: 1006px) 100vw, 1006px\" \/><\/figure><div class=\"wp-block-media-text__content\">\n<p>Ce cadre mosa\u00efque est une \u0153uvre puissante et contrast\u00e9e, une repr\u00e9sentation visuelle d&#8217;une lutte intense entre l&#8217;ombre et la lumi\u00e8re, le mal et l&#8217;amour. L&#8217;omnipr\u00e9sence du noir profond, \u00e9voquant la force brute et d\u00e9vastatrice de la lave d&#8217;un volcan, rappelle la puissance des forces obscures, de la m\u00e9cr\u00e9ance et des mauvais augures. Sa texture dense et absorbante semble vouloir engloutir toute clart\u00e9.<\/p>\n\n\n\n<details class=\"wp-block-details is-layout-flow wp-block-details-is-layout-flow\"><summary>Plus &#8230;<\/summary>\n<p>Pourtant, au sein de cette obscurit\u00e9 mena\u00e7ante, des veines d&#8217;or incandescent serpentent, apportant des \u00e9clairs de lumi\u00e8re et de valeur. Cet or, \u00e9cho \u00e0 celui qui illumine le tableau &#8216;\u00c9closion d&#8217;Or et de Passion : Un Amour venu du Paraguay&#8217;, symbolise ici la force intrins\u00e8que de l&#8217;amour v\u00e9ritable, sa pr\u00e9ciosit\u00e9 et sa capacit\u00e9 \u00e0 percer m\u00eame les t\u00e9n\u00e8bres les plus profondes.<\/p>\n\n\n\n<p>De mani\u00e8re diss\u00e9min\u00e9e au sein du noir, et en lien direct avec le rouge passion de l&#8217;autre \u0153uvre, des semences de smaltie rouge \u00e9clatent. Ces touches vibrantes repr\u00e9sentent la force de l&#8217;amour inconditionnel, une \u00e9nergie vitale et passionn\u00e9e qui se r\u00e9pand et cherche \u00e0 contrer l&#8217;avanc\u00e9e de l&#8217;ombre. Elles sont le signe d&#8217;une r\u00e9sistance, d&#8217;une volont\u00e9 de ne pas succomber aux forces n\u00e9gatives.<\/p>\n\n\n\n<p>Ce contraste saisissant entre le noir et l&#8217;or, ponctu\u00e9 de ces touches de rouge ardent, n&#8217;est pas sans rappeler la dualit\u00e9 explor\u00e9e dans &#8216;Le Rouge et le Noir&#8217; de Stendhal, o\u00f9 des forces oppos\u00e9es se confrontent avec intensit\u00e9. Ici, cependant, le combat prend une dimension plus spirituelle et \u00e9motionnelle. Ce tableau est une all\u00e9gorie de la lutte contre les difficult\u00e9s, les \u00e9preuves et les forces n\u00e9gatives de la vie. Il affirme avec force que, m\u00eame face \u00e0 l&#8217;obscurit\u00e9 la plus profonde, la puissance de l&#8217;amour v\u00e9ritable, symbolis\u00e9 par l&#8217;or et les semences de passion rouge, a la capacit\u00e9 de percer, de transformer et, ultimement, de vaincre. C&#8217;est un message d&#8217;espoir et de r\u00e9silience, une affirmation que l&#8217;amour inconditionnel est une force capable de triompher de n&#8217;importe quel d\u00e9fi.<\/p>\n<\/details>\n<\/div><\/div>\n\n\n\n<div class=\"wp-block-buttons is-layout-flex wp-block-buttons-is-layout-flex\">\n<div class=\"wp-block-button\"><a class=\"wp-block-button__link wp-element-button\" href=\"https:\/\/anamosaique.com\/index.php\/fr\/acceuil\/\">Retour<\/a><\/div>\n<\/div>\n","protected":false},"excerpt":{"rendered":"","protected":false},"author":1,"featured_media":0,"parent":0,"menu_order":0,"comment_status":"closed","ping_status":"closed","template":"","meta":{"_coblocks_attr":"","_coblocks_dimensions":"","_coblocks_responsive_height":"","_coblocks_accordion_ie_support":"","_kad_post_transparent":"","_kad_post_title":"","_kad_post_layout":"","_kad_post_sidebar_id":"","_kad_post_content_style":"","_kad_post_vertical_padding":"","_kad_post_feature":"","_kad_post_feature_position":"","_kad_post_header":false,"_kad_post_footer":false,"footnotes":""},"class_list":["post-195","page","type-page","status-publish","hentry"],"_links":{"self":[{"href":"https:\/\/anamosaique.com\/index.php\/wp-json\/wp\/v2\/pages\/195","targetHints":{"allow":["GET"]}}],"collection":[{"href":"https:\/\/anamosaique.com\/index.php\/wp-json\/wp\/v2\/pages"}],"about":[{"href":"https:\/\/anamosaique.com\/index.php\/wp-json\/wp\/v2\/types\/page"}],"author":[{"embeddable":true,"href":"https:\/\/anamosaique.com\/index.php\/wp-json\/wp\/v2\/users\/1"}],"replies":[{"embeddable":true,"href":"https:\/\/anamosaique.com\/index.php\/wp-json\/wp\/v2\/comments?post=195"}],"version-history":[{"count":2,"href":"https:\/\/anamosaique.com\/index.php\/wp-json\/wp\/v2\/pages\/195\/revisions"}],"predecessor-version":[{"id":247,"href":"https:\/\/anamosaique.com\/index.php\/wp-json\/wp\/v2\/pages\/195\/revisions\/247"}],"wp:attachment":[{"href":"https:\/\/anamosaique.com\/index.php\/wp-json\/wp\/v2\/media?parent=195"}],"curies":[{"name":"wp","href":"https:\/\/api.w.org\/{rel}","templated":true}]}}