{"id":187,"date":"2025-06-06T10:52:32","date_gmt":"2025-06-06T08:52:32","guid":{"rendered":"https:\/\/anamosaique.com\/?page_id=187"},"modified":"2025-06-06T10:52:32","modified_gmt":"2025-06-06T08:52:32","slug":"eclosion-de-oro-y-pasion-un-amor-venido-de-paraguay","status":"publish","type":"page","link":"https:\/\/anamosaique.com\/index.php\/es\/eclosion-de-oro-y-pasion-un-amor-venido-de-paraguay\/","title":{"rendered":"Eclosi\u00f3n de Oro y Pasi\u00f3n: Un Amor Venido de Paraguay"},"content":{"rendered":"\n<div class=\"wp-block-media-text is-stacked-on-mobile\"><figure class=\"wp-block-media-text__media\"><img loading=\"lazy\" decoding=\"async\" width=\"1920\" height=\"2560\" src=\"http:\/\/anamosaique.com\/wp-content\/uploads\/2025\/06\/IMG_1686-scaled.jpeg\" alt=\"\" class=\"wp-image-183 size-full\" srcset=\"https:\/\/anamosaique.com\/wp-content\/uploads\/2025\/06\/IMG_1686-scaled.jpeg 1920w, https:\/\/anamosaique.com\/wp-content\/uploads\/2025\/06\/IMG_1686-225x300.jpeg 225w\" sizes=\"auto, (max-width: 1920px) 100vw, 1920px\" \/><\/figure><div class=\"wp-block-media-text__content\">\n<p>Este mosaico es una celebraci\u00f3n vibrante del amor verdadero, una eclosi\u00f3n de pasi\u00f3n incandescente simbolizada por la profundidad de los esmaltes venecianos rojos y la riqueza preciosa de la pasta de vidrio dorada. La asociaci\u00f3n poderosa de estos dos colores no deja de evocar el famoso &#8220;Rojo y Negro&#8221; de Stendhal, donde la pasi\u00f3n y la ambici\u00f3n se encuentran. Aqu\u00ed, el rojo intenso representa ese amor profundo e incondicional, mientras que el oro luminoso, cuyo brillo me recuerda la tierra de aquel que comparte mi vida, venido de Paraguay, encarna el valor inestimable de este sentimiento tan esperado, una respuesta luminosa a una larga espera.<\/p>\n\n\n\n<details class=\"wp-block-details is-layout-flow wp-block-details-is-layout-flow\"><summary>Mas &#8230;<\/summary>\n<p>Durante muchos a\u00f1os, una plegaria silenciosa a San Antonio de Padua nutri\u00f3 la esperanza de ver este amor manifestarse. Hoy, este mosaico es el testimonio de esa espera finalmente colmada. El oro, como un tesoro extra\u00eddo de la mina de San Antonio de Paraguay, representa al hombre de mi vida, su valor \u00fanico y la riqueza que aporta a mi existencia. El entrelazado din\u00e1mico de las formas rojas y doradas ilustra la llegada de este amor a mi vida, iluminando cada aspecto de mi ser.<\/p>\n\n\n\n<p>Pero esta obra va m\u00e1s all\u00e1 del simple encuentro amoroso. Es una met\u00e1fora de la fuerza inconmensurable que emana del amor dentro de nuestra pareja. A trav\u00e9s de los desaf\u00edos del d\u00eda a d\u00eda, son la paciencia en las dificultades, la benevolencia mutua, la escucha atenta, la comprensi\u00f3n profunda, la tolerancia inquebrantable y la esperanza constante las que permiten superar cualquier obst\u00e1culo. Como un hilo de oro tejido a trav\u00e9s de la pasi\u00f3n roja, estas cualidades esenciales fortalecen nuestro v\u00ednculo y nos permiten afrontar todas las pruebas.<\/p>\n\n\n\n<p>Este mosaico es, por lo tanto, una celebraci\u00f3n del amor encontrado, de la fe y de la perseverancia, pero tambi\u00e9n un recordatorio poderoso de que la fuerza de un amor verdaderamente compartido, nutrido por la benevolencia y la resiliencia, es capaz de vencer todos los desaf\u00edos que se presentan en su camino. El oro de este cuadro es un homenaje al hombre que ilumina mi vida, una luz preciosa venida de Paraguay, y el rojo es el s\u00edmbolo de la pasi\u00f3n que nos une y nos hace invencibles frente a la adversidad.<\/p>\n<\/details>\n<\/div><\/div>\n\n\n\n<div class=\"wp-block-buttons is-layout-flex wp-block-buttons-is-layout-flex\">\n<div class=\"wp-block-button\"><a class=\"wp-block-button__link wp-element-button\" href=\"https:\/\/anamosaique.com\/index.php\/es\/mosaicos-personalizados-un-arte-que-te-refleja\/\">Volver<\/a><\/div>\n<\/div>\n\n\n\n<p><\/p>\n","protected":false},"excerpt":{"rendered":"","protected":false},"author":1,"featured_media":0,"parent":0,"menu_order":0,"comment_status":"closed","ping_status":"closed","template":"","meta":{"_coblocks_attr":"","_coblocks_dimensions":"","_coblocks_responsive_height":"","_coblocks_accordion_ie_support":"","_kad_post_transparent":"","_kad_post_title":"","_kad_post_layout":"","_kad_post_sidebar_id":"","_kad_post_content_style":"","_kad_post_vertical_padding":"","_kad_post_feature":"","_kad_post_feature_position":"","_kad_post_header":false,"_kad_post_footer":false,"footnotes":""},"class_list":["post-187","page","type-page","status-publish","hentry"],"_links":{"self":[{"href":"https:\/\/anamosaique.com\/index.php\/wp-json\/wp\/v2\/pages\/187","targetHints":{"allow":["GET"]}}],"collection":[{"href":"https:\/\/anamosaique.com\/index.php\/wp-json\/wp\/v2\/pages"}],"about":[{"href":"https:\/\/anamosaique.com\/index.php\/wp-json\/wp\/v2\/types\/page"}],"author":[{"embeddable":true,"href":"https:\/\/anamosaique.com\/index.php\/wp-json\/wp\/v2\/users\/1"}],"replies":[{"embeddable":true,"href":"https:\/\/anamosaique.com\/index.php\/wp-json\/wp\/v2\/comments?post=187"}],"version-history":[{"count":1,"href":"https:\/\/anamosaique.com\/index.php\/wp-json\/wp\/v2\/pages\/187\/revisions"}],"predecessor-version":[{"id":188,"href":"https:\/\/anamosaique.com\/index.php\/wp-json\/wp\/v2\/pages\/187\/revisions\/188"}],"wp:attachment":[{"href":"https:\/\/anamosaique.com\/index.php\/wp-json\/wp\/v2\/media?parent=187"}],"curies":[{"name":"wp","href":"https:\/\/api.w.org\/{rel}","templated":true}]}}