{"id":178,"date":"2025-06-06T10:44:53","date_gmt":"2025-06-06T08:44:53","guid":{"rendered":"https:\/\/anamosaique.com\/?page_id=178"},"modified":"2025-06-06T10:44:58","modified_gmt":"2025-06-06T08:44:58","slug":"un-jardin-de-corazon-mejicano","status":"publish","type":"page","link":"https:\/\/anamosaique.com\/index.php\/es\/un-jardin-de-corazon-mejicano\/","title":{"rendered":"Un Jard\u00edn de coraz\u00f3n Mejicano"},"content":{"rendered":"\n<div class=\"wp-block-media-text is-stacked-on-mobile\"><figure class=\"wp-block-media-text__media\"><img loading=\"lazy\" decoding=\"async\" width=\"1024\" height=\"1010\" src=\"http:\/\/anamosaique.com\/wp-content\/uploads\/2025\/06\/IMG_2531-1024x1010.jpeg\" alt=\"\" class=\"wp-image-172 size-full\" srcset=\"https:\/\/anamosaique.com\/wp-content\/uploads\/2025\/06\/IMG_2531-1024x1010.jpeg 1024w, https:\/\/anamosaique.com\/wp-content\/uploads\/2025\/06\/IMG_2531-300x296.jpeg 300w, https:\/\/anamosaique.com\/wp-content\/uploads\/2025\/06\/IMG_2531-768x758.jpeg 768w, https:\/\/anamosaique.com\/wp-content\/uploads\/2025\/06\/IMG_2531-1536x1515.jpeg 1536w, https:\/\/anamosaique.com\/wp-content\/uploads\/2025\/06\/IMG_2531-2048x2020.jpeg 2048w\" sizes=\"auto, (max-width: 1024px) 100vw, 1024px\" \/><\/figure><div class=\"wp-block-media-text__content\">\n<p>Esta obra en particular ha sido creada para una amiga muy especial, cuyo coraz\u00f3n inmenso y presencia luminosa inspiran todo mi trabajo. Es un homenaje a la belleza de su alma y a la alegr\u00eda que aporta a mi vida y a la de tantos otros. Que este jard\u00edn de coraz\u00f3n mexicano sea un recordatorio constante de la fuerza y la belleza de la amistad verdadera.<\/p>\n\n\n\n<details class=\"wp-block-details is-layout-flow wp-block-details-is-layout-flow\"><summary>Mas &#8230;<\/summary>\n<p>Este cuadro de mosaico es una celebraci\u00f3n vibrante de la amistad y de la generosidad del coraz\u00f3n, inspirado por la riqueza del arte mexicano y los colores brillantes de la alegr\u00eda compartida. En el centro, un coraz\u00f3n ornamentado irradia, sus m\u00faltiples capas coloridas simbolizando la profundidad y la complejidad de los lazos afectivos. Los toques luminosos que lo iluminan evocan la preciosidad y la pureza del afecto verdadero.<\/p>\n\n\n\n<p>Alrededor de este coraz\u00f3n central, un jard\u00edn exuberante de flores estilizadas florece. Sus colores vivos y sus formas exuberantes son un eco de la belleza y la vitalidad de las relaciones humanas que nutren nuestras vidas. Cada flor es una representaci\u00f3n de las personas queridas que nos rodean, atra\u00eddas por la calidez y la luz de un coraz\u00f3n generoso.<\/p>\n\n\n\n<p>Inspirado por mis viajes a M\u00e9xico y por la belleza de su arte popular, este cuadro es una explosi\u00f3n de colores que reflejan la alegr\u00eda y la energ\u00eda que se encuentra en las conexiones aut\u00e9nticas. Es una met\u00e1fora del jard\u00edn de amistad que cultivamos, donde cada gesto de amor y de escucha es una semilla que da nacimiento a magn\u00edficas flores.<\/p>\n\n\n\n<p>A trav\u00e9s de este mosaico, he deseado capturar la esencia de un coraz\u00f3n amoroso y la belleza de las relaciones que inspira. Es una invitaci\u00f3n a apreciar los lazos que nos unen y a continuar sembrando el amor y la benevolencia a nuestro alrededor, para que nuestros jardines de amistad florezcan siempre con un esplendor radiante.<\/p>\n<\/details>\n<\/div><\/div>\n\n\n\n<div class=\"wp-block-buttons is-layout-flex wp-block-buttons-is-layout-flex\">\n<div class=\"wp-block-button\"><a class=\"wp-block-button__link wp-element-button\" href=\"https:\/\/anamosaique.com\/index.php\/es\/mosaicos-personalizados-un-arte-que-te-refleja\/\">Volver<\/a><\/div>\n<\/div>\n\n\n\n<p><\/p>\n","protected":false},"excerpt":{"rendered":"","protected":false},"author":1,"featured_media":0,"parent":0,"menu_order":0,"comment_status":"closed","ping_status":"closed","template":"","meta":{"_coblocks_attr":"","_coblocks_dimensions":"","_coblocks_responsive_height":"","_coblocks_accordion_ie_support":"","_kad_post_transparent":"","_kad_post_title":"","_kad_post_layout":"","_kad_post_sidebar_id":"","_kad_post_content_style":"","_kad_post_vertical_padding":"","_kad_post_feature":"","_kad_post_feature_position":"","_kad_post_header":false,"_kad_post_footer":false,"footnotes":""},"class_list":["post-178","page","type-page","status-publish","hentry"],"_links":{"self":[{"href":"https:\/\/anamosaique.com\/index.php\/wp-json\/wp\/v2\/pages\/178","targetHints":{"allow":["GET"]}}],"collection":[{"href":"https:\/\/anamosaique.com\/index.php\/wp-json\/wp\/v2\/pages"}],"about":[{"href":"https:\/\/anamosaique.com\/index.php\/wp-json\/wp\/v2\/types\/page"}],"author":[{"embeddable":true,"href":"https:\/\/anamosaique.com\/index.php\/wp-json\/wp\/v2\/users\/1"}],"replies":[{"embeddable":true,"href":"https:\/\/anamosaique.com\/index.php\/wp-json\/wp\/v2\/comments?post=178"}],"version-history":[{"count":1,"href":"https:\/\/anamosaique.com\/index.php\/wp-json\/wp\/v2\/pages\/178\/revisions"}],"predecessor-version":[{"id":179,"href":"https:\/\/anamosaique.com\/index.php\/wp-json\/wp\/v2\/pages\/178\/revisions\/179"}],"wp:attachment":[{"href":"https:\/\/anamosaique.com\/index.php\/wp-json\/wp\/v2\/media?parent=178"}],"curies":[{"name":"wp","href":"https:\/\/api.w.org\/{rel}","templated":true}]}}