{"id":167,"date":"2025-06-06T10:25:41","date_gmt":"2025-06-06T08:25:41","guid":{"rendered":"https:\/\/anamosaique.com\/?page_id=167"},"modified":"2025-06-06T10:34:28","modified_gmt":"2025-06-06T08:34:28","slug":"paseo-nocturno-en-la-luna","status":"publish","type":"page","link":"https:\/\/anamosaique.com\/index.php\/es\/paseo-nocturno-en-la-luna\/","title":{"rendered":"Paseo Nocturno en la Luna"},"content":{"rendered":"\n<div class=\"wp-block-media-text is-stacked-on-mobile\"><figure class=\"wp-block-media-text__media\"><img loading=\"lazy\" decoding=\"async\" width=\"479\" height=\"493\" src=\"https:\/\/anamosaique.com\/wp-content\/uploads\/2025\/06\/NighWalkOnTheMoon.jpg\" alt=\"\" class=\"wp-image-158 size-full\" srcset=\"https:\/\/anamosaique.com\/wp-content\/uploads\/2025\/06\/NighWalkOnTheMoon.jpg 479w, https:\/\/anamosaique.com\/wp-content\/uploads\/2025\/06\/NighWalkOnTheMoon-291x300.jpg 291w\" sizes=\"auto, (max-width: 479px) 100vw, 479px\" \/><\/figure><div class=\"wp-block-media-text__content\">\n<p>&#8220;Paseo Nocturno en la Luna&#8221; es un mosaico impregnado de poes\u00eda y dulzura, especialmente concebido para iluminar los sue\u00f1os y las noches de una amiga querida, una so\u00f1adora ambiciosa inspirada por el universo de El Principito. <\/p>\n\n\n\n<details class=\"wp-block-details is-layout-flow wp-block-details-is-layout-flow\"><summary>Mas &#8230;<\/summary>\n<p>En un cielo nocturno profundo, constelado de estrellas centelleantes, una luna creciente se convierte en el punto de anclaje de un columpio celeste.<\/p>\n\n\n\n<p>Una ni\u00f1a peque\u00f1a, figura delicada y luminosa, se balancea pl\u00e1cidamente, suspendida entre el firmamento y un paisaje terrestre estilizado. Esta imagen simboliza la capacidad de tomar perspectiva en las decisiones y en el d\u00eda a d\u00eda, de elevarse por encima de las contingencias para mantener un equilibrio emocional constante.<\/p>\n\n\n\n<p>La luna, astro femenino por excelencia, act\u00faa aqu\u00ed como un faro benevolente en la oscuridad, guiando los sue\u00f1os e iluminando el camino. El columpio, unido a este emblema de la feminidad y de la luz nocturna, invita a un movimiento suave y controlado, una danza entre la tierra y el cielo de las aspiraciones.<\/p>\n\n\n\n<p>A trav\u00e9s de esta escena on\u00edrica, he deseado ofrecer a mi amiga un cuadro que sea una fuente de inspiraci\u00f3n y de consuelo. Que la luz de esta luna de mosaico ilumine sus noches y que el equilibrio de esta ni\u00f1a suspendida le recuerde la fuerza y la serenidad que posee para alcanzar sus m\u00e1s altas ambiciones, manteniendo los pies, metaf\u00f3ricamente, sobre una tierra firme. Esta obra personalizada es un mensaje de aliento para so\u00f1ar siempre en grande y para encontrar el equilibrio en el ascenso hacia sus propias estrellas.<\/p>\n<\/details>\n<\/div><\/div>\n\n\n\n<div class=\"wp-block-buttons is-layout-flex wp-block-buttons-is-layout-flex\">\n<div class=\"wp-block-button\"><a class=\"wp-block-button__link wp-element-button\" href=\"https:\/\/anamosaique.com\/index.php\/es\/mosaicos-personalizados-un-arte-que-te-refleja\/\">Volver<\/a><\/div>\n<\/div>\n\n\n\n<p><\/p>\n","protected":false},"excerpt":{"rendered":"","protected":false},"author":1,"featured_media":0,"parent":0,"menu_order":0,"comment_status":"closed","ping_status":"closed","template":"","meta":{"_coblocks_attr":"","_coblocks_dimensions":"","_coblocks_responsive_height":"","_coblocks_accordion_ie_support":"","_kad_post_transparent":"","_kad_post_title":"","_kad_post_layout":"","_kad_post_sidebar_id":"","_kad_post_content_style":"","_kad_post_vertical_padding":"","_kad_post_feature":"","_kad_post_feature_position":"","_kad_post_header":false,"_kad_post_footer":false,"footnotes":""},"class_list":["post-167","page","type-page","status-publish","hentry"],"_links":{"self":[{"href":"https:\/\/anamosaique.com\/index.php\/wp-json\/wp\/v2\/pages\/167","targetHints":{"allow":["GET"]}}],"collection":[{"href":"https:\/\/anamosaique.com\/index.php\/wp-json\/wp\/v2\/pages"}],"about":[{"href":"https:\/\/anamosaique.com\/index.php\/wp-json\/wp\/v2\/types\/page"}],"author":[{"embeddable":true,"href":"https:\/\/anamosaique.com\/index.php\/wp-json\/wp\/v2\/users\/1"}],"replies":[{"embeddable":true,"href":"https:\/\/anamosaique.com\/index.php\/wp-json\/wp\/v2\/comments?post=167"}],"version-history":[{"count":2,"href":"https:\/\/anamosaique.com\/index.php\/wp-json\/wp\/v2\/pages\/167\/revisions"}],"predecessor-version":[{"id":170,"href":"https:\/\/anamosaique.com\/index.php\/wp-json\/wp\/v2\/pages\/167\/revisions\/170"}],"wp:attachment":[{"href":"https:\/\/anamosaique.com\/index.php\/wp-json\/wp\/v2\/media?parent=167"}],"curies":[{"name":"wp","href":"https:\/\/api.w.org\/{rel}","templated":true}]}}