{"id":139,"date":"2025-06-06T09:43:20","date_gmt":"2025-06-06T07:43:20","guid":{"rendered":"https:\/\/anamosaique.com\/?page_id=139"},"modified":"2025-06-06T11:04:07","modified_gmt":"2025-06-06T09:04:07","slug":"mi-jardin-interior-cuatro-estaciones-de-vida","status":"publish","type":"page","link":"https:\/\/anamosaique.com\/index.php\/es\/mi-jardin-interior-cuatro-estaciones-de-vida\/","title":{"rendered":"Mi Jard\u00edn Interior: Cuatro Estaciones de Vida"},"content":{"rendered":"\n<div class=\"wp-block-media-text is-stacked-on-mobile\"><figure class=\"wp-block-media-text__media\"><img loading=\"lazy\" decoding=\"async\" width=\"378\" height=\"290\" src=\"https:\/\/anamosaique.com\/wp-content\/uploads\/2025\/06\/4saisons.jpg\" alt=\"\" class=\"wp-image-97 size-full\" srcset=\"https:\/\/anamosaique.com\/wp-content\/uploads\/2025\/06\/4saisons.jpg 378w, https:\/\/anamosaique.com\/wp-content\/uploads\/2025\/06\/4saisons-300x230.jpg 300w\" sizes=\"auto, (max-width: 378px) 100vw, 378px\" \/><\/figure><div class=\"wp-block-media-text__content\">\n<p>&#8220;&#8221;Mi Jard\u00edn Interior&#8221; es una serie de cuatro cuadros de mosaico que rinden homenaje a la obra emblem\u00e1tica de Pierre Bonnard, &#8220;Mujeres en el Jard\u00edn&#8221;.<\/p>\n\n\n\n<p>M\u00e1s que una simple interpretaci\u00f3n, cada panel es una ventana abierta a las diferentes estaciones de la vida, las horas significativas de un d\u00eda y, sobre todo, las etapas personales que han moldeado mi trayectoria como artista.<\/p>\n\n\n\n<details class=\"wp-block-details is-layout-flow wp-block-details-is-layout-flow\"><summary>Mas &#8230;<\/summary>\n<p>Inspir\u00e1ndome en la composici\u00f3n en cuatro partes de Bonnard, en su est\u00e9tica japonizante y en su simbolismo sutil, he trasladado mis propias experiencias y emociones a esta forma de arte milenaria que es el mosaico.<\/p>\n\n\n\n<p>Cada cuadro es un mosaico de recuerdos, de pasiones y de reflexiones, utilizando la riqueza de los materiales \u2013 emaux de briare, pasta de vidrio \u2013 para dar cuerpo a un relato \u00edntimo y universal.<\/p>\n<\/details>\n<\/div><\/div>\n\n\n\n<p><strong><em><strong><strong>La Primavera: &#8220;Eclosi\u00f3n en Asia&#8221;<\/strong><\/strong><\/em><\/strong><\/p>\n\n\n\n<div class=\"wp-block-media-text has-media-on-the-right is-stacked-on-mobile\"><div class=\"wp-block-media-text__content\">\n<p>Este primer panel captura la energ\u00eda y la frescura de mi juventud, un per\u00edodo de eclosi\u00f3n simbolizado por mi viaje inici\u00e1tico de un a\u00f1o en Asia. Tal como una flor abri\u00e9ndose en primavera, este viaje fue esencial para forjar mi pasi\u00f3n por el arte, y en particular por la est\u00e9tica del Japonismo que se trasluce en la obra de Bonnard. Los motivos y los colores evocan las estampas japonesas, simplificadas y vibrantes. Los materiales utilizados son luminosos y llenos de promesas, reflejando el entusiasmo y el descubrimiento de esta etapa de mi vida, entre los 20 y los 30 a\u00f1os, donde las semillas de mi vocaci\u00f3n art\u00edstica fueron sembradas.<\/p>\n<\/div><figure class=\"wp-block-media-text__media\"><img loading=\"lazy\" decoding=\"async\" width=\"356\" height=\"1024\" src=\"https:\/\/anamosaique.com\/wp-content\/uploads\/2025\/06\/Spring-356x1024.jpeg\" alt=\"\" class=\"wp-image-110 size-full\" srcset=\"https:\/\/anamosaique.com\/wp-content\/uploads\/2025\/06\/Spring-356x1024.jpeg 356w, https:\/\/anamosaique.com\/wp-content\/uploads\/2025\/06\/Spring-104x300.jpeg 104w, https:\/\/anamosaique.com\/wp-content\/uploads\/2025\/06\/Spring.jpeg 711w\" sizes=\"auto, (max-width: 356px) 100vw, 356px\" \/><\/figure><\/div>\n\n\n\n<p><strong><em><strong><strong>El Verano: &#8220;Par\u00eds, la Sombra de Noukie&#8221;<\/strong><\/strong><\/em><\/strong><\/p>\n\n\n\n<div class=\"wp-block-media-text is-stacked-on-mobile\"><figure class=\"wp-block-media-text__media\"><img loading=\"lazy\" decoding=\"async\" width=\"614\" height=\"1024\" src=\"https:\/\/anamosaique.com\/wp-content\/uploads\/2025\/06\/summer-614x1024.jpeg\" alt=\"\" class=\"wp-image-113 size-full\" srcset=\"https:\/\/anamosaique.com\/wp-content\/uploads\/2025\/06\/summer-614x1024.jpeg 614w, https:\/\/anamosaique.com\/wp-content\/uploads\/2025\/06\/summer-180x300.jpeg 180w, https:\/\/anamosaique.com\/wp-content\/uploads\/2025\/06\/summer-768x1281.jpeg 768w, https:\/\/anamosaique.com\/wp-content\/uploads\/2025\/06\/summer-921x1536.jpeg 921w, https:\/\/anamosaique.com\/wp-content\/uploads\/2025\/06\/summer.jpeg 1227w\" sizes=\"auto, (max-width: 614px) 100vw, 614px\" \/><\/figure><div class=\"wp-block-media-text__content\">\n<p>El segundo panel representa la plenitud del verano, un per\u00edodo que asocio a mis a\u00f1os parisinos. La figura central, sentada a la sombra de un \u00e1rbol estilizado, est\u00e1 acompa\u00f1ada de mi gato Noukie. Esta imagen evoca los mediod\u00edas tranquilos y la dulce compa\u00f1\u00eda que me ofrec\u00eda despu\u00e9s de largas jornadas de trabajo en la vibrante capital. Los colores son m\u00e1s ricos y las texturas m\u00e1s densas, a imagen del calor estival y de la estabilidad de esta d\u00e9cada (30-40 a\u00f1os). La presencia de Noukie, mi fiel compa\u00f1era, ancla este panel en un sentimiento de intimidad y de confort.<\/p>\n<\/div><\/div>\n\n\n\n<p><strong><em><strong>. <strong>El Invierno: &#8220;La Energ\u00eda Andaluza de Lucky&#8221;<\/strong><\/strong><\/em><\/strong><\/p>\n\n\n\n<div class=\"wp-block-media-text has-media-on-the-right is-stacked-on-mobile\"><div class=\"wp-block-media-text__content\">\n<p>El tercer panel, representando el invierno, se ilumina con la presencia en\u00e9rgica de mi perro Lucky, un cruce andaluz lleno de vida. Esta escena hace eco a mis a\u00f1os pasados en Andaluc\u00eda, donde los juegos intr\u00e9pidos de Lucky alegraban mis d\u00edas. Contrariamente a la frialdad invernal, este panel est\u00e1 dinamizado por el movimiento y la vitalidad, simbolizando la alegr\u00eda y la compa\u00f1\u00eda c\u00e1lida de este per\u00edodo de mi vida (40-50 a\u00f1os). Los colores pueden ser m\u00e1s terrosos, pero con toques vivos reflejando el esp\u00edritu juguet\u00f3n de Lucky.<\/p>\n<\/div><figure class=\"wp-block-media-text__media\"><img loading=\"lazy\" decoding=\"async\" width=\"398\" height=\"1024\" src=\"https:\/\/anamosaique.com\/wp-content\/uploads\/2025\/06\/Winter-398x1024.jpeg\" alt=\"\" class=\"wp-image-112 size-full\" srcset=\"https:\/\/anamosaique.com\/wp-content\/uploads\/2025\/06\/Winter-398x1024.jpeg 398w, https:\/\/anamosaique.com\/wp-content\/uploads\/2025\/06\/Winter-768x1978.jpeg 768w, https:\/\/anamosaique.com\/wp-content\/uploads\/2025\/06\/Winter.jpeg 795w\" sizes=\"auto, (max-width: 398px) 100vw, 398px\" \/><\/figure><\/div>\n\n\n\n<p><strong><em><strong><strong>El Oto\u00f1o: &#8220;La Dulce Transici\u00f3n&#8221;<\/strong><\/strong><\/em><\/strong><\/p>\n\n\n\n<div class=\"wp-block-media-text is-stacked-on-mobile\"><figure class=\"wp-block-media-text__media\"><img loading=\"lazy\" decoding=\"async\" width=\"500\" height=\"500\" src=\"http:\/\/anamosaique.com\/wp-content\/uploads\/2025\/06\/logo.png\" alt=\"\" class=\"wp-image-94 size-full\" srcset=\"https:\/\/anamosaique.com\/wp-content\/uploads\/2025\/06\/logo.png 500w, https:\/\/anamosaique.com\/wp-content\/uploads\/2025\/06\/logo-300x300.png 300w, https:\/\/anamosaique.com\/wp-content\/uploads\/2025\/06\/logo-150x150.png 150w\" sizes=\"auto, (max-width: 500px) 100vw, 500px\" \/><\/figure><div class=\"wp-block-media-text__content\">\n<p>El \u00faltimo panel es una contemplaci\u00f3n del oto\u00f1o, mi estaci\u00f3n favorita y una met\u00e1fora de la etapa de vida que anticipo a los 50 a\u00f1os. Como las hojas de un \u00e1rbol visti\u00e9ndose de colores llamativos antes de caer, esta obra simboliza un per\u00edodo de transici\u00f3n, de balance y de preparaci\u00f3n para una nueva fase. La atm\u00f3sfera es la de una tarde declinante, impregnada de una dulce melancol\u00eda y de una serenidad contemplativa. Los colores son c\u00e1lidos y profundos, evocando la belleza del cambio y la sabidur\u00eda adquirida. Es un momento de renovaci\u00f3n interior, de desprendimiento de ciertas hojas para dejar paso a un nuevo ciclo, a imagen del retiro de la naturaleza en invierno y de la promesa de una nueva primavera.<\/p>\n<\/div><\/div>\n\n\n\n<p><strong><em><strong>Conclusi\u00f3n<\/strong>:<\/em><\/strong><\/p>\n\n\n\n<p>A trav\u00e9s de estos cuatro paneles de mosaico, &#8220;Mi Jard\u00edn Interior&#8221; ofrece una interpretaci\u00f3n personal y emocional de la obra de Bonnard. Al entrelazar los hilos de mis propias experiencias con los s\u00edmbolos de las estaciones y de las horas del d\u00eda, espero crear obras que resuenen con la sensibilidad de cada uno y que celebren la belleza y la riqueza del camino de la vida.<\/p>\n\n\n\n<p>Inspirado por la Obra de Pierre Bonnard- Mujeres de Jardin<\/p>\n\n\n\n<p><\/p>\n\n\n\n<div class=\"wp-block-buttons is-layout-flex wp-block-buttons-is-layout-flex\">\n<div class=\"wp-block-button\"><a class=\"wp-block-button__link wp-element-button\" href=\"https:\/\/anamosaique.com\/index.php\/es\/mosaicos-personalizados-un-arte-que-te-refleja\/\">Volver<\/a><\/div>\n<\/div>\n\n\n\n<p><\/p>\n","protected":false},"excerpt":{"rendered":"<p>La Primavera: &#8220;Eclosi\u00f3n en Asia&#8221; Este primer panel captura la energ\u00eda y la frescura de mi juventud, un per\u00edodo de eclosi\u00f3n simbolizado por mi viaje inici\u00e1tico de un a\u00f1o en Asia. Tal como una flor abri\u00e9ndose en primavera, este viaje fue esencial para forjar mi pasi\u00f3n por el arte, y en particular por la est\u00e9tica&#8230;<\/p>\n","protected":false},"author":1,"featured_media":0,"parent":0,"menu_order":0,"comment_status":"closed","ping_status":"closed","template":"","meta":{"_coblocks_attr":"","_coblocks_dimensions":"","_coblocks_responsive_height":"","_coblocks_accordion_ie_support":"","_kad_post_transparent":"","_kad_post_title":"","_kad_post_layout":"","_kad_post_sidebar_id":"","_kad_post_content_style":"","_kad_post_vertical_padding":"","_kad_post_feature":"","_kad_post_feature_position":"","_kad_post_header":false,"_kad_post_footer":false,"footnotes":""},"class_list":["post-139","page","type-page","status-publish","hentry"],"_links":{"self":[{"href":"https:\/\/anamosaique.com\/index.php\/wp-json\/wp\/v2\/pages\/139","targetHints":{"allow":["GET"]}}],"collection":[{"href":"https:\/\/anamosaique.com\/index.php\/wp-json\/wp\/v2\/pages"}],"about":[{"href":"https:\/\/anamosaique.com\/index.php\/wp-json\/wp\/v2\/types\/page"}],"author":[{"embeddable":true,"href":"https:\/\/anamosaique.com\/index.php\/wp-json\/wp\/v2\/users\/1"}],"replies":[{"embeddable":true,"href":"https:\/\/anamosaique.com\/index.php\/wp-json\/wp\/v2\/comments?post=139"}],"version-history":[{"count":2,"href":"https:\/\/anamosaique.com\/index.php\/wp-json\/wp\/v2\/pages\/139\/revisions"}],"predecessor-version":[{"id":200,"href":"https:\/\/anamosaique.com\/index.php\/wp-json\/wp\/v2\/pages\/139\/revisions\/200"}],"wp:attachment":[{"href":"https:\/\/anamosaique.com\/index.php\/wp-json\/wp\/v2\/media?parent=139"}],"curies":[{"name":"wp","href":"https:\/\/api.w.org\/{rel}","templated":true}]}}