{"id":132,"date":"2025-06-06T09:07:02","date_gmt":"2025-06-06T07:07:02","guid":{"rendered":"https:\/\/anamosaique.com\/?page_id=132"},"modified":"2025-06-06T09:43:45","modified_gmt":"2025-06-06T07:43:45","slug":"mon-jardin-interieur-quatre-saisons-de-vie-en-mosaique","status":"publish","type":"page","link":"https:\/\/anamosaique.com\/index.php\/fr\/mon-jardin-interieur-quatre-saisons-de-vie-en-mosaique\/","title":{"rendered":"Mon Jardin Int\u00e9rieur : Quatre Saisons de Vie en Mosa\u00efque"},"content":{"rendered":"\n<div class=\"wp-block-media-text is-stacked-on-mobile\"><figure class=\"wp-block-media-text__media\"><img loading=\"lazy\" decoding=\"async\" width=\"378\" height=\"290\" src=\"https:\/\/anamosaique.com\/wp-content\/uploads\/2025\/06\/4saisons.jpg\" alt=\"\" class=\"wp-image-97 size-full\" srcset=\"https:\/\/anamosaique.com\/wp-content\/uploads\/2025\/06\/4saisons.jpg 378w, https:\/\/anamosaique.com\/wp-content\/uploads\/2025\/06\/4saisons-300x230.jpg 300w\" sizes=\"auto, (max-width: 378px) 100vw, 378px\" \/><\/figure><div class=\"wp-block-media-text__content\">\n<p>&#8220;Mon Jardin Int\u00e9rieur&#8221; est une s\u00e9rie de quatre tableaux de mosa\u00efque qui rendent hommage \u00e0 l&#8217;\u0153uvre embl\u00e9matique de Pierre Bonnard, &#8220;Femmes au Jardin&#8221;. <\/p>\n\n\n\n<p>Plus qu&#8217;une simple interpr\u00e9tation, chaque panneau est une fen\u00eatre ouverte sur les diff\u00e9rentes saisons de la vie, les heures marquantes d&#8217;une journ\u00e9e et, surtout, les \u00e9tapes personnelles qui ont fa\u00e7onn\u00e9 mon parcours en tant qu&#8217;artiste. <\/p>\n\n\n\n<details class=\"wp-block-details is-layout-flow wp-block-details-is-layout-flow\"><summary>More &#8230;<\/summary>\n<p>M&#8217;inspirant de la composition en quatre volets de Bonnard, de son esth\u00e9tique japonisante et de son symbolisme subtil, j&#8217;ai transpos\u00e9 mes propres exp\u00e9riences et \u00e9motions dans cette forme d&#8217;art mill\u00e9naire qu&#8217;est la mosa\u00efque. <\/p>\n\n\n\n<p>Chaque tableau est une mosa\u00efque de souvenirs, de passions et de r\u00e9flexions, utilisant la richesse des mat\u00e9riaux \u2013\u00e9maux, p\u00e2te de verre, cabochons \u2013 pour donner corps \u00e0 un r\u00e9cit intime et universel.<\/p>\n<\/details>\n<\/div><\/div>\n\n\n\n<p><strong><em><strong>Le Printemps : &#8220;\u00c9closion en Asie&#8221;<\/strong><\/em><\/strong><\/p>\n\n\n\n<div class=\"wp-block-media-text has-media-on-the-right is-stacked-on-mobile\"><div class=\"wp-block-media-text__content\">\n<p>Ce premier panneau capture l&#8217;\u00e9nergie et la fra\u00eecheur de ma jeunesse, une p\u00e9riode d&#8217;\u00e9closion symbolis\u00e9e par mon voyage initiatique d&#8217;un an en Asie. Tel une fleur s&#8217;ouvrant au printemps, ce voyage a \u00e9t\u00e9 essentiel pour forger ma passion pour l&#8217;art, et en particulier pour l&#8217;esth\u00e9tique du Japonisme qui transpara\u00eet dans l&#8217;\u0153uvre de Bonnard. Les motifs et les couleurs \u00e9voquent les estampes japonaises, simplifi\u00e9es et vibrantes. Les mat\u00e9riaux utilis\u00e9s sont lumineux et pleins de promesses, refl\u00e9tant l&#8217;enthousiasme et la d\u00e9couverte de cette \u00e9tape de ma vie, entre 20 et 30 ans, o\u00f9 les graines de ma vocation artistique ont \u00e9t\u00e9 sem\u00e9es.<\/p>\n<\/div><figure class=\"wp-block-media-text__media\"><img loading=\"lazy\" decoding=\"async\" width=\"356\" height=\"1024\" src=\"https:\/\/anamosaique.com\/wp-content\/uploads\/2025\/06\/Spring-356x1024.jpeg\" alt=\"\" class=\"wp-image-110 size-full\" srcset=\"https:\/\/anamosaique.com\/wp-content\/uploads\/2025\/06\/Spring-356x1024.jpeg 356w, https:\/\/anamosaique.com\/wp-content\/uploads\/2025\/06\/Spring-104x300.jpeg 104w, https:\/\/anamosaique.com\/wp-content\/uploads\/2025\/06\/Spring.jpeg 711w\" sizes=\"auto, (max-width: 356px) 100vw, 356px\" \/><\/figure><\/div>\n\n\n\n<p><strong><em><strong>L&#8217;\u00c9t\u00e9 : &#8220;Paris, l&#8217;Ombre de Noukie&#8221;<\/strong><\/em><\/strong><\/p>\n\n\n\n<div class=\"wp-block-media-text is-stacked-on-mobile\"><figure class=\"wp-block-media-text__media\"><img loading=\"lazy\" decoding=\"async\" width=\"614\" height=\"1024\" src=\"https:\/\/anamosaique.com\/wp-content\/uploads\/2025\/06\/summer-614x1024.jpeg\" alt=\"\" class=\"wp-image-113 size-full\" srcset=\"https:\/\/anamosaique.com\/wp-content\/uploads\/2025\/06\/summer-614x1024.jpeg 614w, https:\/\/anamosaique.com\/wp-content\/uploads\/2025\/06\/summer-180x300.jpeg 180w, https:\/\/anamosaique.com\/wp-content\/uploads\/2025\/06\/summer-768x1281.jpeg 768w, https:\/\/anamosaique.com\/wp-content\/uploads\/2025\/06\/summer-921x1536.jpeg 921w, https:\/\/anamosaique.com\/wp-content\/uploads\/2025\/06\/summer.jpeg 1227w\" sizes=\"auto, (max-width: 614px) 100vw, 614px\" \/><\/figure><div class=\"wp-block-media-text__content\">\n<p>Le deuxi\u00e8me panneau repr\u00e9sente la pl\u00e9nitude de l&#8217;\u00e9t\u00e9, une p\u00e9riode que j&#8217;associe \u00e0 mes ann\u00e9es parisiennes. La figure centrale, assise \u00e0 l&#8217;ombre d&#8217;un arbre stylis\u00e9, est accompagn\u00e9e de mon chat Noukie. Cette image \u00e9voque les midis tranquilles et la douce compagnie qu&#8217;il m&#8217;offrait apr\u00e8s de longues journ\u00e9es de travail dans la vibrante capitale. Les couleurs sont plus riches et les textures plus denses, \u00e0 l&#8217;image de la chaleur estivale et de la stabilit\u00e9 de cette d\u00e9cennie (30-40 ans). La pr\u00e9sence de Noukie, mon fid\u00e8le compagnon, ancre ce panneau dans un sentiment d&#8217;intimit\u00e9 et de r\u00e9confort.<\/p>\n<\/div><\/div>\n\n\n\n<p><strong><em><strong>. L&#8217;Hiver : &#8220;L&#8217;\u00c9nergie Andalouse de Lucky&#8221;<\/strong><\/em><\/strong><\/p>\n\n\n\n<div class=\"wp-block-media-text has-media-on-the-right is-stacked-on-mobile\"><div class=\"wp-block-media-text__content\">\n<p>Le troisi\u00e8me panneau, repr\u00e9sentant l&#8217;hiver, s&#8217;illumine de la pr\u00e9sence \u00e9nergique de mon chien Lucky, un crois\u00e9 andalou plein de vie. Cette sc\u00e8ne fait \u00e9cho \u00e0 mes ann\u00e9es pass\u00e9es en Andalousie, o\u00f9 les jeux intr\u00e9pides de Lucky \u00e9gayaient mes journ\u00e9es. Contrairement \u00e0 la froideur hivernale, ce panneau est dynamis\u00e9 par le mouvement et la vitalit\u00e9, symbolisant la joie et la compagnie chaleureuse de cette p\u00e9riode de ma vie (40-50 ans). Les couleurs peuvent \u00eatre plus terreuses, mais avec des touches vives refl\u00e9tant l&#8217;esprit joueur de Lucky.<\/p>\n<\/div><figure class=\"wp-block-media-text__media\"><img loading=\"lazy\" decoding=\"async\" width=\"398\" height=\"1024\" src=\"https:\/\/anamosaique.com\/wp-content\/uploads\/2025\/06\/Winter-398x1024.jpeg\" alt=\"\" class=\"wp-image-112 size-full\" srcset=\"https:\/\/anamosaique.com\/wp-content\/uploads\/2025\/06\/Winter-398x1024.jpeg 398w, https:\/\/anamosaique.com\/wp-content\/uploads\/2025\/06\/Winter-768x1978.jpeg 768w, https:\/\/anamosaique.com\/wp-content\/uploads\/2025\/06\/Winter.jpeg 795w\" sizes=\"auto, (max-width: 398px) 100vw, 398px\" \/><\/figure><\/div>\n\n\n\n<p><strong><em><strong>L&#8217;Automne : &#8220;La Douce Transition&#8221;<\/strong><\/em><\/strong><\/p>\n\n\n\n<div class=\"wp-block-media-text is-stacked-on-mobile\"><figure class=\"wp-block-media-text__media\"><img loading=\"lazy\" decoding=\"async\" width=\"500\" height=\"500\" src=\"http:\/\/anamosaique.com\/wp-content\/uploads\/2025\/06\/logo.png\" alt=\"\" class=\"wp-image-94 size-full\" srcset=\"https:\/\/anamosaique.com\/wp-content\/uploads\/2025\/06\/logo.png 500w, https:\/\/anamosaique.com\/wp-content\/uploads\/2025\/06\/logo-300x300.png 300w, https:\/\/anamosaique.com\/wp-content\/uploads\/2025\/06\/logo-150x150.png 150w\" sizes=\"auto, (max-width: 500px) 100vw, 500px\" \/><\/figure><div class=\"wp-block-media-text__content\">\n<p>Le dernier panneau est une contemplation de l&#8217;automne, ma saison favorite et une m\u00e9taphore de l&#8217;\u00e9tape de vie que j\u2019anticipe \u00e0 50 ans. Comme les feuilles d&#8217;un arbre se parant de couleurs flamboyantes avant de tomber, cette \u0153uvre symbolise une p\u00e9riode de transition, de bilan et de pr\u00e9paration pour une nouvelle phase. L&#8217;atmosph\u00e8re est celle d&#8217;un apr\u00e8s-midi d\u00e9clinant, empreinte d&#8217;une douce m\u00e9lancolie et d&#8217;une s\u00e9r\u00e9nit\u00e9 contemplative. Les couleurs sont chaudes et profondes, \u00e9voquant la beaut\u00e9 du changement et la sagesse acquise. C&#8217;est un moment de renouveau int\u00e9rieur, de d\u00e9tachement de certaines feuilles pour laisser place \u00e0 un nouveau cycle, \u00e0 l&#8217;image du retrait de la nature en hiver et de la promesse d&#8217;un nouveau printemps.<\/p>\n<\/div><\/div>\n\n\n\n<p><strong><em>Conclusion:<\/em><\/strong><\/p>\n\n\n\n<p>\u00c0 travers ces quatre panneaux de mosa\u00efque, &#8220;Mon Jardin Int\u00e9rieur&#8221; offre une interpr\u00e9tation personnelle et \u00e9motionnelle de l&#8217;\u0153uvre de Bonnard. En tissant ensemble les fils de mes propres exp\u00e9riences avec les symboles des saisons et des heures du jour, j&#8217;esp\u00e8re cr\u00e9er des \u0153uvres qui r\u00e9sonnent avec la sensibilit\u00e9 de chacun et qui c\u00e9l\u00e8brent la beaut\u00e9 et la richesse du chemin de la vie.<\/p>\n\n\n\n<p><strong><em>Tableaux Inspiration&nbsp;<\/em><\/strong>: Source tableau du Mus\u00e9e d\u2019Orsay- Pierre Bonnard- Femmes au jardin<\/p>\n\n\n\n<p><\/p>\n\n\n\n<div class=\"wp-block-buttons is-layout-flex wp-block-buttons-is-layout-flex\">\n<div class=\"wp-block-button\"><a class=\"wp-block-button__link wp-element-button\" href=\"https:\/\/anamosaique.com\/index.php\/fr\/acceuil\/\">Retour<\/a><\/div>\n<\/div>\n\n\n\n<p><\/p>\n","protected":false},"excerpt":{"rendered":"<p>Le Printemps : &#8220;\u00c9closion en Asie&#8221; Ce premier panneau capture l&#8217;\u00e9nergie et la fra\u00eecheur de ma jeunesse, une p\u00e9riode d&#8217;\u00e9closion symbolis\u00e9e par mon voyage initiatique d&#8217;un an en Asie. Tel une fleur s&#8217;ouvrant au printemps, ce voyage a \u00e9t\u00e9 essentiel pour forger ma passion pour l&#8217;art, et en particulier pour l&#8217;esth\u00e9tique du Japonisme qui transpara\u00eet&#8230;<\/p>\n","protected":false},"author":1,"featured_media":0,"parent":0,"menu_order":0,"comment_status":"closed","ping_status":"closed","template":"","meta":{"_coblocks_attr":"","_coblocks_dimensions":"","_coblocks_responsive_height":"","_coblocks_accordion_ie_support":"","_kad_post_transparent":"","_kad_post_title":"","_kad_post_layout":"","_kad_post_sidebar_id":"","_kad_post_content_style":"","_kad_post_vertical_padding":"","_kad_post_feature":"","_kad_post_feature_position":"","_kad_post_header":false,"_kad_post_footer":false,"footnotes":""},"class_list":["post-132","page","type-page","status-publish","hentry"],"_links":{"self":[{"href":"https:\/\/anamosaique.com\/index.php\/wp-json\/wp\/v2\/pages\/132","targetHints":{"allow":["GET"]}}],"collection":[{"href":"https:\/\/anamosaique.com\/index.php\/wp-json\/wp\/v2\/pages"}],"about":[{"href":"https:\/\/anamosaique.com\/index.php\/wp-json\/wp\/v2\/types\/page"}],"author":[{"embeddable":true,"href":"https:\/\/anamosaique.com\/index.php\/wp-json\/wp\/v2\/users\/1"}],"replies":[{"embeddable":true,"href":"https:\/\/anamosaique.com\/index.php\/wp-json\/wp\/v2\/comments?post=132"}],"version-history":[{"count":7,"href":"https:\/\/anamosaique.com\/index.php\/wp-json\/wp\/v2\/pages\/132\/revisions"}],"predecessor-version":[{"id":149,"href":"https:\/\/anamosaique.com\/index.php\/wp-json\/wp\/v2\/pages\/132\/revisions\/149"}],"wp:attachment":[{"href":"https:\/\/anamosaique.com\/index.php\/wp-json\/wp\/v2\/media?parent=132"}],"curies":[{"name":"wp","href":"https:\/\/api.w.org\/{rel}","templated":true}]}}