{"id":126,"date":"2025-06-06T08:49:20","date_gmt":"2025-06-06T06:49:20","guid":{"rendered":"https:\/\/anamosaique.com\/?page_id=126"},"modified":"2025-06-06T12:57:44","modified_gmt":"2025-06-06T10:57:44","slug":"mosaicos-personalizados-un-arte-que-te-refleja","status":"publish","type":"page","link":"https:\/\/anamosaique.com\/index.php\/es\/mosaicos-personalizados-un-arte-que-te-refleja\/","title":{"rendered":"Mosaicos personalizados: un arte que te refleja"},"content":{"rendered":"\n<div class=\"wp-block-columns is-layout-flex wp-container-core-columns-is-layout-9d6595d7 wp-block-columns-is-layout-flex\">\n<div class=\"wp-block-column is-layout-flow wp-block-column-is-layout-flow\"><style>.kb-gallery-id-126_3bd0f5-35.kb-gallery-ul.kb-gallery-type-fluidcarousel .kt-blocks-carousel figure .kb-gal-image-radius, .kb-gallery-id-126_3bd0f5-35.kb-gallery-ul.kb-gallery-type-fluidcarousel .kt-blocks-carousel figure .kb-gal-image-radius img{height:300px;}.kb-gallery-id-126_3bd0f5-35 .kadence-blocks-gallery-item .kb-gal-image-radius, .kb-gallery-id-126_3bd0f5-35 .kb-slide-item .kb-gal-image-radius img{border-radius:0px 0px 0px 0px;;}.kb-gallery-wrap-id-126_3bd0f5-35.wp-block-kadence-advancedgallery{overflow:visible;}.kb-gallery-wrap-id-126_3bd0f5-35.wp-block-kadence-advancedgallery .kt-blocks-carousel{overflow:visible;max-width:100%;}<\/style><div class=\"kb-gallery-wrap-id-126_3bd0f5-35 alignnone wp-block-kadence-advancedgallery\"><div class=\"kb-gallery-ul kb-gallery-non-static kb-gallery-type-fluidcarousel kb-gallery-id-126_3bd0f5-35 kb-gallery-caption-style-bottom-hover kb-gallery-filter-none\" data-image-filter=\"none\" data-lightbox-caption=\"true\"><div class=\"kt-blocks-carousel kt-carousel-container-dotstyle-dark\"><div class=\"kt-blocks-carousel-init kb-blocks-fluid-carousel kt-carousel-arrowstyle-whiteondark kt-carousel-dotstyle-dark kb-slider-group-arrow kb-slider-arrow-position-center\" data-slider-anim-speed=\"400\" data-slider-scroll=\"1\" data-slider-arrows=\"true\" data-slider-dots=\"true\" data-slider-hover-pause=\"false\" data-slider-auto=\"\" data-slider-speed=\"7000\" data-slider-type=\"fluidcarousel\" data-slider-center-mode=\"true\" data-slider-gap=\"10px\" data-slider-gap-tablet=\"10px\" data-slider-gap-mobile=\"10px\"><div class=\"kb-slide-item kb-gallery-carousel-item\"><div class=\"kadence-blocks-gallery-item\"><div class=\"kadence-blocks-gallery-item-inner\"><figure class=\"kb-gallery-figure kb-gallery-item-has-link kadence-blocks-gallery-item-hide-caption\" \"><a href=\"https:\/\/anamosaique.com\/index.php\/es\/mi-jardin-interior-cuatro-estaciones-de-vida\/\" class=\"kb-gallery-item-link\"  ><div class=\"kb-gal-image-radius\"><div class=\"kb-gallery-image-contain\" ><img loading=\"lazy\" decoding=\"async\" src=\"https:\/\/anamosaique.com\/wp-content\/uploads\/2025\/06\/4saisons.jpg\" width=\"378\" height=\"290\" alt=\"\" data-full-image=\"https:\/\/anamosaique.com\/wp-content\/uploads\/2025\/06\/4saisons.jpg\" data-light-image=\"https:\/\/anamosaique.com\/wp-content\/uploads\/2025\/06\/4saisons.jpg\" data-id=\"97\" class=\"wp-image-97 skip-lazy\" srcset=\"https:\/\/anamosaique.com\/wp-content\/uploads\/2025\/06\/4saisons.jpg 378w, https:\/\/anamosaique.com\/wp-content\/uploads\/2025\/06\/4saisons-300x230.jpg 300w\" sizes=\"auto, (max-width: 378px) 100vw, 378px\" \/><\/div><\/div><\/a><\/figure><\/div><\/div><\/div><div class=\"kb-slide-item kb-gallery-carousel-item\"><div class=\"kadence-blocks-gallery-item\"><div class=\"kadence-blocks-gallery-item-inner\"><figure class=\"kb-gallery-figure kb-gallery-item-has-link kadence-blocks-gallery-item-hide-caption\" \"><a href=\"https:\/\/anamosaique.com\/index.php\/es\/mis-noches-estrelladas-mandala-de-espera\/\" class=\"kb-gallery-item-link\"  ><div class=\"kb-gal-image-radius\"><div class=\"kb-gallery-image-contain\" ><img loading=\"lazy\" decoding=\"async\" src=\"http:\/\/anamosaique.com\/wp-content\/uploads\/2025\/06\/Mandala-dattente.jpg\" width=\"341\" height=\"620\" alt=\"\" data-full-image=\"http:\/\/anamosaique.com\/wp-content\/uploads\/2025\/06\/Mandala-dattente.jpg\" data-light-image=\"http:\/\/anamosaique.com\/wp-content\/uploads\/2025\/06\/Mandala-dattente.jpg\" data-id=\"91\" class=\"wp-image-91 skip-lazy\" srcset=\"https:\/\/anamosaique.com\/wp-content\/uploads\/2025\/06\/Mandala-dattente.jpg 341w, https:\/\/anamosaique.com\/wp-content\/uploads\/2025\/06\/Mandala-dattente-165x300.jpg 165w\" sizes=\"auto, (max-width: 341px) 100vw, 341px\" \/><\/div><\/div><\/a><\/figure><\/div><\/div><\/div><div class=\"kb-slide-item kb-gallery-carousel-item\"><div class=\"kadence-blocks-gallery-item\"><div class=\"kadence-blocks-gallery-item-inner\"><figure class=\"kb-gallery-figure kb-gallery-item-has-link kadence-blocks-gallery-item-hide-caption\" \"><a href=\"https:\/\/anamosaique.com\/index.php\/es\/ecos-provenzales-mi-luz-de-los-olivos\/\" class=\"kb-gallery-item-link\"  ><div class=\"kb-gal-image-radius\"><div class=\"kb-gallery-image-contain\" ><img loading=\"lazy\" decoding=\"async\" src=\"http:\/\/anamosaique.com\/wp-content\/uploads\/2025\/06\/IMG_2534-1024x797.jpeg\" width=\"1024\" height=\"797\" alt=\"\" data-full-image=\"http:\/\/anamosaique.com\/wp-content\/uploads\/2025\/06\/IMG_2534-scaled.jpeg\" data-light-image=\"http:\/\/anamosaique.com\/wp-content\/uploads\/2025\/06\/IMG_2534-scaled.jpeg\" data-id=\"88\" class=\"wp-image-88 skip-lazy\" srcset=\"https:\/\/anamosaique.com\/wp-content\/uploads\/2025\/06\/IMG_2534-1024x797.jpeg 1024w, https:\/\/anamosaique.com\/wp-content\/uploads\/2025\/06\/IMG_2534-300x234.jpeg 300w, https:\/\/anamosaique.com\/wp-content\/uploads\/2025\/06\/IMG_2534-768x598.jpeg 768w, https:\/\/anamosaique.com\/wp-content\/uploads\/2025\/06\/IMG_2534-1536x1196.jpeg 1536w, https:\/\/anamosaique.com\/wp-content\/uploads\/2025\/06\/IMG_2534-2048x1595.jpeg 2048w\" sizes=\"auto, (max-width: 1024px) 100vw, 1024px\" \/><\/div><\/div><\/a><\/figure><\/div><\/div><\/div><div class=\"kb-slide-item kb-gallery-carousel-item\"><div class=\"kadence-blocks-gallery-item\"><div class=\"kadence-blocks-gallery-item-inner\"><figure class=\"kb-gallery-figure kb-gallery-item-has-link kadence-blocks-gallery-item-hide-caption\" \"><a href=\"https:\/\/anamosaique.com\/index.php\/es\/eclosion-de-oro-y-pasion-un-amor-venido-de-paraguay\/\" class=\"kb-gallery-item-link\"  ><div class=\"kb-gal-image-radius\"><div class=\"kb-gallery-image-contain\" ><img loading=\"lazy\" decoding=\"async\" src=\"http:\/\/anamosaique.com\/wp-content\/uploads\/2025\/06\/IMG_1686-scaled.jpeg\" width=\"1920\" height=\"2560\" alt=\"\" data-full-image=\"http:\/\/anamosaique.com\/wp-content\/uploads\/2025\/06\/IMG_1686-scaled.jpeg\" data-light-image=\"http:\/\/anamosaique.com\/wp-content\/uploads\/2025\/06\/IMG_1686-scaled.jpeg\" data-id=\"183\" class=\"wp-image-183 skip-lazy\" srcset=\"https:\/\/anamosaique.com\/wp-content\/uploads\/2025\/06\/IMG_1686-scaled.jpeg 1920w, https:\/\/anamosaique.com\/wp-content\/uploads\/2025\/06\/IMG_1686-225x300.jpeg 225w\" sizes=\"auto, (max-width: 1920px) 100vw, 1920px\" \/><\/div><\/div><\/a><\/figure><\/div><\/div><\/div><div class=\"kb-slide-item kb-gallery-carousel-item\"><div class=\"kadence-blocks-gallery-item\"><div class=\"kadence-blocks-gallery-item-inner\"><figure class=\"kb-gallery-figure kb-gallery-item-has-link kadence-blocks-gallery-item-hide-caption\" \"><a href=\"https:\/\/anamosaique.com\/index.php\/es\/un-jardin-de-corazon-mejicano\/\" class=\"kb-gallery-item-link\"  ><div class=\"kb-gal-image-radius\"><div class=\"kb-gallery-image-contain\" ><img loading=\"lazy\" decoding=\"async\" src=\"http:\/\/anamosaique.com\/wp-content\/uploads\/2025\/06\/IMG_2531-1024x1010.jpeg\" width=\"1024\" height=\"1010\" alt=\"\" data-full-image=\"http:\/\/anamosaique.com\/wp-content\/uploads\/2025\/06\/IMG_2531-scaled.jpeg\" data-light-image=\"http:\/\/anamosaique.com\/wp-content\/uploads\/2025\/06\/IMG_2531-scaled.jpeg\" data-id=\"172\" class=\"wp-image-172 skip-lazy\" srcset=\"https:\/\/anamosaique.com\/wp-content\/uploads\/2025\/06\/IMG_2531-1024x1010.jpeg 1024w, https:\/\/anamosaique.com\/wp-content\/uploads\/2025\/06\/IMG_2531-300x296.jpeg 300w, https:\/\/anamosaique.com\/wp-content\/uploads\/2025\/06\/IMG_2531-768x758.jpeg 768w, https:\/\/anamosaique.com\/wp-content\/uploads\/2025\/06\/IMG_2531-1536x1515.jpeg 1536w, https:\/\/anamosaique.com\/wp-content\/uploads\/2025\/06\/IMG_2531-2048x2020.jpeg 2048w\" sizes=\"auto, (max-width: 1024px) 100vw, 1024px\" \/><\/div><\/div><\/a><\/figure><\/div><\/div><\/div><div class=\"kb-slide-item kb-gallery-carousel-item\"><div class=\"kadence-blocks-gallery-item\"><div class=\"kadence-blocks-gallery-item-inner\"><figure class=\"kb-gallery-figure kb-gallery-item-has-link kadence-blocks-gallery-item-hide-caption\" \"><a href=\"https:\/\/anamosaique.com\/index.php\/es\/paseo-nocturno-en-la-luna\/\" class=\"kb-gallery-item-link\"  ><div class=\"kb-gal-image-radius\"><div class=\"kb-gallery-image-contain\" ><img loading=\"lazy\" decoding=\"async\" src=\"http:\/\/anamosaique.com\/wp-content\/uploads\/2025\/06\/NighWalkOnTheMoon.jpg\" width=\"479\" height=\"493\" alt=\"\" data-full-image=\"http:\/\/anamosaique.com\/wp-content\/uploads\/2025\/06\/NighWalkOnTheMoon.jpg\" data-light-image=\"http:\/\/anamosaique.com\/wp-content\/uploads\/2025\/06\/NighWalkOnTheMoon.jpg\" data-id=\"158\" class=\"wp-image-158 skip-lazy\" srcset=\"https:\/\/anamosaique.com\/wp-content\/uploads\/2025\/06\/NighWalkOnTheMoon.jpg 479w, https:\/\/anamosaique.com\/wp-content\/uploads\/2025\/06\/NighWalkOnTheMoon-291x300.jpg 291w\" sizes=\"auto, (max-width: 479px) 100vw, 479px\" \/><\/div><\/div><\/a><\/figure><\/div><\/div><\/div><div class=\"kb-slide-item kb-gallery-carousel-item\"><div class=\"kadence-blocks-gallery-item\"><div class=\"kadence-blocks-gallery-item-inner\"><figure class=\"kb-gallery-figure kb-gallery-item-has-link kadence-blocks-gallery-item-hide-caption\" \"><a href=\"https:\/\/anamosaique.com\/index.php\/es\/negro-incandescente-semillas-de-amor-la-victoria-sobre-la-sombra\/\" class=\"kb-gallery-item-link\"  ><div class=\"kb-gal-image-radius\"><div class=\"kb-gallery-image-contain\" ><img decoding=\"async\" src=\"http:\/\/anamosaique.com\/wp-content\/uploads\/2025\/06\/IMG_2535.jpeg\"   alt=\"\" data-full-image=\"http:\/\/anamosaique.com\/wp-content\/uploads\/2025\/06\/IMG_2535.jpeg\" data-light-image=\"http:\/\/anamosaique.com\/wp-content\/uploads\/2025\/06\/IMG_2535.jpeg\" data-id=\"191\" class=\"wp-image-191 skip-lazy\"\/><\/div><\/div><\/a><\/figure><\/div><\/div><\/div><\/div><\/div><\/div><\/div>\n\n<div class=\"wp-block-image\">\n<figure class=\"aligncenter size-full is-resized\"><img loading=\"lazy\" decoding=\"async\" width=\"512\" height=\"768\" src=\"https:\/\/anamosaique.com\/wp-content\/uploads\/2025\/06\/Ana.jpeg\" alt=\"\" class=\"wp-image-107\" style=\"width:185px;height:auto\" srcset=\"https:\/\/anamosaique.com\/wp-content\/uploads\/2025\/06\/Ana.jpeg 512w, https:\/\/anamosaique.com\/wp-content\/uploads\/2025\/06\/Ana-200x300.jpeg 200w\" sizes=\"auto, (max-width: 512px) 100vw, 512px\" \/><\/figure>\n<\/div><\/div>\n<\/div>\n\n\n\n<div class=\"wp-block-columns is-layout-flex wp-container-core-columns-is-layout-9d6595d7 wp-block-columns-is-layout-flex\">\n<div class=\"wp-block-column is-layout-flow wp-block-column-is-layout-flow\" style=\"flex-basis:100%\">\n<div class=\"wp-block-group\"><div class=\"wp-block-group__inner-container is-layout-constrained wp-block-group-is-layout-constrained\">\n<p class=\"has-text-align-left\">Franco-espa\u00f1ola, el arte del mosaico es para m\u00ed un viaje constante, inspirado por la majestuosidad de los mosaicos romanos y decorativos que he encontrado en mi camino, por la energ\u00eda vibrante de Barcelona y por la poes\u00eda del Impresionismo, del cual el Museo de Orsay es un faro.<br>El arte abstracto tambi\u00e9n alimenta mi creatividad, permiti\u00e9ndome explorar nuevas formas y expresiones.<\/p>\n\n\n\n<p>Mi taller es un lugar donde los materiales naturales cobran vida: piedras, esmaltes de Briare, smalti venecianos, pasta de vidrio espa\u00f1ola\u2026<br>Elementos aut\u00e9nticos con los que creo obras \u00fanicas cargadas de emoci\u00f3n.<\/p>\n\n\n\n<p class=\"has-text-align-left\">Convencida de que cada espacio merece una obra que le represente, adopto un enfoque personalizado.<br>Tu historia, tus gustos y el esp\u00edritu de tu interior gu\u00edan la creaci\u00f3n de tu obra, para que se convierta en una pieza central que resuene con tu esencia.<\/p>\n<\/div><\/div>\n<\/div>\n<\/div>\n\n\n\n<div class=\"wp-block-buttons is-layout-flex wp-block-buttons-is-layout-flex\">\n<div class=\"wp-block-button\"><a class=\"wp-block-button__link wp-element-button\" href=\"https:\/\/anamosaique.com\/index.php\/es\/portfolio-2\/\">Ver Portfolio<\/a><\/div>\n<\/div>\n\n\n\n<p><\/p>\n","protected":false},"excerpt":{"rendered":"<p>Franco-espa\u00f1ola, el arte del mosaico es para m\u00ed un viaje constante, inspirado por la majestuosidad de los mosaicos romanos y decorativos que he encontrado en mi camino, por la energ\u00eda vibrante de Barcelona y por la poes\u00eda del Impresionismo, del cual el Museo de Orsay es un faro.El arte abstracto tambi\u00e9n alimenta mi creatividad, permiti\u00e9ndome&#8230;<\/p>\n","protected":false},"author":1,"featured_media":0,"parent":0,"menu_order":0,"comment_status":"closed","ping_status":"closed","template":"","meta":{"_coblocks_attr":"","_coblocks_dimensions":"","_coblocks_responsive_height":"","_coblocks_accordion_ie_support":"","_kad_post_transparent":"","_kad_post_title":"","_kad_post_layout":"","_kad_post_sidebar_id":"","_kad_post_content_style":"","_kad_post_vertical_padding":"","_kad_post_feature":"","_kad_post_feature_position":"","_kad_post_header":false,"_kad_post_footer":false,"footnotes":""},"class_list":["post-126","page","type-page","status-publish","hentry"],"_links":{"self":[{"href":"https:\/\/anamosaique.com\/index.php\/wp-json\/wp\/v2\/pages\/126","targetHints":{"allow":["GET"]}}],"collection":[{"href":"https:\/\/anamosaique.com\/index.php\/wp-json\/wp\/v2\/pages"}],"about":[{"href":"https:\/\/anamosaique.com\/index.php\/wp-json\/wp\/v2\/types\/page"}],"author":[{"embeddable":true,"href":"https:\/\/anamosaique.com\/index.php\/wp-json\/wp\/v2\/users\/1"}],"replies":[{"embeddable":true,"href":"https:\/\/anamosaique.com\/index.php\/wp-json\/wp\/v2\/comments?post=126"}],"version-history":[{"count":4,"href":"https:\/\/anamosaique.com\/index.php\/wp-json\/wp\/v2\/pages\/126\/revisions"}],"predecessor-version":[{"id":236,"href":"https:\/\/anamosaique.com\/index.php\/wp-json\/wp\/v2\/pages\/126\/revisions\/236"}],"wp:attachment":[{"href":"https:\/\/anamosaique.com\/index.php\/wp-json\/wp\/v2\/media?parent=126"}],"curies":[{"name":"wp","href":"https:\/\/api.w.org\/{rel}","templated":true}]}}